{"id":169,"date":"2025-06-08T09:55:54","date_gmt":"2025-06-08T07:55:54","guid":{"rendered":"http:\/\/cyberhack-solutions.com\/?page_id=169"},"modified":"2025-07-27T20:11:36","modified_gmt":"2025-07-27T18:11:36","slug":"firewall-y-sistemas-ids-ips","status":"publish","type":"page","link":"https:\/\/cyberhack-solutions.com\/en\/servicios\/seguridad-en-red\/firewall-y-sistemas-ids-ips\/","title":{"rendered":"Firewall y sistemas IDS\/IPS"},"content":{"rendered":"<div class=\"wp-block-cover alignfull has-parallax\" style=\"min-height:796px;aspect-ratio:unset;\"><div class=\"wp-block-cover__image-background wp-image-777 size-full has-parallax\" style=\"background-position:50% 50%;background-image:url(https:\/\/cyberhack-solutions.com\/wp-content\/uploads\/7a6c745d-be8f-46b1-a036-d596ec20e50c.png)\"><\/div><span aria-hidden=\"true\" class=\"wp-block-cover__background has-background-dim\"><\/span><div class=\"wp-block-cover__inner-container has-global-padding is-layout-constrained wp-block-cover-is-layout-constrained\">\n<p class=\"has-text-align-center has-large-font-size\"><strong>Firewall y sistemas IDS\/IPS<\/strong><\/p>\n\n\n\n<p class=\"has-text-align-center\" style=\"margin-right:0;margin-left:0\">El servicio de Firewall e IDS\/IPS (Intrusion Detection and Prevention Systems) tiene como objetivo proteger la infraestructura de red de nuestros clientes frente a accesos no autorizados, actividades sospechosas y ataques cibern\u00e9ticos tanto conocidos como emergentes. Implementamos, configuramos y monitorizamos soluciones de firewall de nueva generaci\u00f3n (NGFW) y sistemas IDS\/IPS, integrando capacidades de inteligencia artificial para una detecci\u00f3n m\u00e1s eficaz y una respuesta proactiva. Este servicio se adapta a las necesidades espec\u00edficas del cliente, ya sea en entornos on-premise, h\u00edbridos o completamente en la nube. Utilizamos soluciones l\u00edderes en el mercado (open-source o comerciales seg\u00fan el caso) y reforzamos la seguridad perimetral y segmentaci\u00f3n de red con pol\u00edticas personalizadas.<\/p>\n<\/div><\/div>\n\n\n\n<div class=\"wp-block-buttons alignfull is-content-justification-center is-layout-flex wp-container-core-buttons-is-layout-10b1e184 wp-block-buttons-is-layout-flex\" style=\"padding-top:0;padding-right:0;padding-bottom:0;padding-left:var(--wp--preset--spacing--30)\">\n<div class=\"wp-block-button has-custom-width wp-block-button__width-50 is-style-outline is-style-outline--1\"><a class=\"wp-block-button__link has-base-2-color has-text-color has-background has-link-color has-medium-font-size has-custom-font-size wp-element-button\" href=\"https:\/\/cyberhack-solutions.com\/en\/contacto\/\" style=\"background-color:#063063;padding-right:0px;padding-left:0px\">CONT\u00c1CTENOS AHORA<\/a><\/div>\n<\/div>\n\n\n\n<div class=\"wp-block-cover alignfull has-parallax\"><div class=\"wp-block-cover__image-background wp-image-522 size-full has-parallax\" style=\"background-position:50% 50%;background-image:url(https:\/\/cyberhack-solutions.com\/wp-content\/uploads\/af5c7e00-b026-41c6-8d4d-1cf0a7824f18.png)\"><\/div><span aria-hidden=\"true\" class=\"wp-block-cover__background has-background-dim\"><\/span><div class=\"wp-block-cover__inner-container has-global-padding is-layout-constrained wp-block-cover-is-layout-constrained\">\n<div class=\"wp-block-columns alignwide is-layout-flex wp-container-core-columns-is-layout-28f84493 wp-block-columns-is-layout-flex\">\n<div class=\"wp-block-column is-layout-flow wp-block-column-is-layout-flow\">\n<h2 class=\"wp-block-heading has-text-align-center\" style=\"margin-top:var(--wp--preset--spacing--40);margin-bottom:var(--wp--preset--spacing--40)\">Objetivos<\/h2>\n\n\n\n<ul class=\"wp-block-list\">\n<li>Prevenir accesos no autorizados y actividades maliciosas dentro de la red corporativa.<\/li>\n\n\n\n<li>Detectar comportamientos an\u00f3malos mediante an\u00e1lisis avanzado del tr\u00e1fico.<\/li>\n\n\n\n<li>Automatizar respuestas frente a amenazas con IA para reducir tiempos de reacci\u00f3n.<\/li>\n\n\n\n<li>Proteger los activos digitales cr\u00edticos frente a amenazas internas y externas.<\/li>\n\n\n\n<li>Garantizar visibilidad y control total sobre el tr\u00e1fico entrante y saliente.<\/li>\n<\/ul>\n<\/div>\n\n\n\n<div class=\"wp-block-column is-layout-flow wp-block-column-is-layout-flow\">\n<figure class=\"wp-block-image aligncenter size-large is-resized\"><img loading=\"lazy\" decoding=\"async\" width=\"1024\" height=\"683\" src=\"http:\/\/cyberhack-solutions.com\/wp-content\/uploads\/17eabcbe-b75d-4f12-baf2-f54c69e89ad1-1024x683.png\" alt=\"\" class=\"wp-image-263\" style=\"width:508px;height:auto\" srcset=\"https:\/\/cyberhack-solutions.com\/wp-content\/uploads\/17eabcbe-b75d-4f12-baf2-f54c69e89ad1-1024x683.png 1024w, https:\/\/cyberhack-solutions.com\/wp-content\/uploads\/17eabcbe-b75d-4f12-baf2-f54c69e89ad1-600x400.png 600w, https:\/\/cyberhack-solutions.com\/wp-content\/uploads\/17eabcbe-b75d-4f12-baf2-f54c69e89ad1-768x512.png 768w, https:\/\/cyberhack-solutions.com\/wp-content\/uploads\/17eabcbe-b75d-4f12-baf2-f54c69e89ad1.png 1536w\" sizes=\"auto, (max-width: 1024px) 100vw, 1024px\" \/><\/figure>\n<\/div>\n<\/div>\n\n\n\n<div class=\"wp-block-columns alignwide is-layout-flex wp-container-core-columns-is-layout-28f84493 wp-block-columns-is-layout-flex\">\n<div class=\"wp-block-column is-layout-flow wp-block-column-is-layout-flow\">\n<figure class=\"wp-block-image size-large is-resized\"><img loading=\"lazy\" decoding=\"async\" width=\"1024\" height=\"683\" src=\"http:\/\/cyberhack-solutions.com\/wp-content\/uploads\/76f43c7a-c1e6-4ba9-a40a-4353f8fb2123-1024x683.png\" alt=\"\" class=\"wp-image-266\" style=\"width:597px;height:auto\" srcset=\"https:\/\/cyberhack-solutions.com\/wp-content\/uploads\/76f43c7a-c1e6-4ba9-a40a-4353f8fb2123-1024x683.png 1024w, https:\/\/cyberhack-solutions.com\/wp-content\/uploads\/76f43c7a-c1e6-4ba9-a40a-4353f8fb2123-600x400.png 600w, https:\/\/cyberhack-solutions.com\/wp-content\/uploads\/76f43c7a-c1e6-4ba9-a40a-4353f8fb2123-768x512.png 768w, https:\/\/cyberhack-solutions.com\/wp-content\/uploads\/76f43c7a-c1e6-4ba9-a40a-4353f8fb2123.png 1536w\" sizes=\"auto, (max-width: 1024px) 100vw, 1024px\" \/><\/figure>\n<\/div>\n\n\n\n<div class=\"wp-block-column is-layout-flow wp-block-column-is-layout-flow\">\n<h2 class=\"wp-block-heading has-text-align-center\" style=\"margin-top:var(--wp--preset--spacing--20);margin-bottom:var(--wp--preset--spacing--20)\">Beneficios<\/h2>\n\n\n\n<ul class=\"wp-block-list\">\n<li>Mayor protecci\u00f3n proactiva: Gracias al uso de IA, los sistemas pueden identificar patrones sospechosos que podr\u00edan pasar desapercibidos con m\u00e9todos tradicionales.<\/li>\n\n\n\n<li>Reducci\u00f3n del riesgo de ataques: Mitigaci\u00f3n temprana de amenazas antes de que causen da\u00f1os significativos.<\/li>\n\n\n\n<li>Cumplimiento normativo: Ayuda a cumplir con normativas como ISO 27001, NIS2, RGPD o PCI-DSS al ofrecer monitoreo continuo y control de acceso.<\/li>\n\n\n\n<li>Ahorro de tiempo y costes: Automatizaci\u00f3n de la detecci\u00f3n y respuesta ante incidentes reduce la carga del equipo de TI.<\/li>\n\n\n\n<li>Escalabilidad y adaptaci\u00f3n: Soluciones adaptadas al tama\u00f1o y complejidad de la red del cliente, con posibilidad de integraci\u00f3n en infraestructuras ya existentes.<\/li>\n\n\n\n<li>Informes y an\u00e1lisis: Acceso a dashboards e informes peri\u00f3dicos con estad\u00edsticas, eventos detectados, alertas y recomendaciones de mejora.<\/li>\n<\/ul>\n<\/div>\n<\/div>\n\n\n\n<h2 class=\"wp-block-heading alignfull has-text-align-center has-background has-xx-large-font-size\" style=\"background-color:#3399ff\">\u00bfPodemos ayudarle en algo?<\/h2>\n\n\n\n<div class=\"wp-block-buttons alignfull is-content-justification-center is-layout-flex wp-container-core-buttons-is-layout-76de4b3f wp-block-buttons-is-layout-flex\" style=\"padding-top:0;padding-right:0;padding-bottom:0;padding-left:var(--wp--preset--spacing--30)\">\n<div class=\"wp-block-button has-custom-width wp-block-button__width-50 is-style-outline is-style-outline--2\"><a class=\"wp-block-button__link has-background has-medium-font-size has-custom-font-size wp-element-button\" href=\"https:\/\/cyberhack-solutions.com\/en\/contacto\/\" style=\"background-color:#063063;padding-right:0px;padding-left:0px\">CONT\u00c1CTENOS AHORA<\/a><\/div>\n<\/div>\n\n\n\n<hr class=\"wp-block-separator alignfull has-text-color has-base-2-color has-alpha-channel-opacity has-base-2-background-color has-background\"\/>\n\n\n\n<h2 class=\"wp-block-heading has-text-align-center\">Que ofrecemos<\/h2>\n\n\n\n<ul class=\"wp-block-list\">\n<li>An\u00e1lisis y dimensionamiento de necesidades de seguridad perimetral e interna.<\/li>\n\n\n\n<li>Dise\u00f1o e implementaci\u00f3n de firewalls (f\u00edsicos o virtuales) adaptados al entorno del cliente.<\/li>\n\n\n\n<li>Configuraci\u00f3n de pol\u00edticas de acceso y filtrado basadas en buenas pr\u00e1cticas y requisitos espec\u00edficos.<\/li>\n\n\n\n<li>Implementaci\u00f3n y ajuste de sistemas IDS\/IPS para detecci\u00f3n y prevenci\u00f3n de intrusiones.<\/li>\n\n\n\n<li>Integraci\u00f3n con herramientas SIEM o NDR para correlaci\u00f3n de eventos.<\/li>\n\n\n\n<li>Sistemas de detecci\u00f3n avanzados con IA, capaces de identificar comportamientos an\u00f3malos en tiempo real.<\/li>\n\n\n\n<li>Gesti\u00f3n continua y mantenimiento del sistema, incluyendo actualizaciones, ajustes de reglas y soporte t\u00e9cnico.<\/li>\n\n\n\n<li>Formaci\u00f3n b\u00e1sica para el equipo interno, si el cliente desea administrar el sistema parcialmente.<\/li>\n<\/ul>\n<\/div><\/div>\n\n\n\n<div class=\"uagb-position__sticky wp-block-uagb-container uagb-block-2677d520 alignfull uagb-is-root-container\"><div class=\"uagb-container-inner-blocks-wrap\">\n<div class=\"wp-block-buttons is-content-justification-right is-layout-flex wp-container-core-buttons-is-layout-d445cf74 wp-block-buttons-is-layout-flex\">\n<div class=\"wp-block-button\"><a class=\"wp-block-button__link has-background wp-element-button\" href=\"https:\/\/cyberhack-solutions.com\/en\/servicios\/seguridad-en-red\/\" style=\"background-color:#063063\">Volver a seguridad en red<\/a><\/div>\n<\/div>\n<\/div><\/div>","protected":false},"excerpt":{"rendered":"","protected":false},"author":1,"featured_media":0,"parent":131,"menu_order":0,"comment_status":"closed","ping_status":"closed","template":"page-no-title","meta":{"_uag_custom_page_level_css":"","footnotes":""},"class_list":["post-169","page","type-page","status-publish","hentry"],"uagb_featured_image_src":{"full":false,"thumbnail":false,"medium":false,"medium_large":false,"large":false,"1536x1536":false,"2048x2048":false,"trp-custom-language-flag":false},"uagb_author_info":{"display_name":"prio","author_link":"https:\/\/cyberhack-solutions.com\/en\/author\/prio\/"},"uagb_comment_info":0,"uagb_excerpt":null,"_links":{"self":[{"href":"https:\/\/cyberhack-solutions.com\/en\/wp-json\/wp\/v2\/pages\/169","targetHints":{"allow":["GET"]}}],"collection":[{"href":"https:\/\/cyberhack-solutions.com\/en\/wp-json\/wp\/v2\/pages"}],"about":[{"href":"https:\/\/cyberhack-solutions.com\/en\/wp-json\/wp\/v2\/types\/page"}],"author":[{"embeddable":true,"href":"https:\/\/cyberhack-solutions.com\/en\/wp-json\/wp\/v2\/users\/1"}],"replies":[{"embeddable":true,"href":"https:\/\/cyberhack-solutions.com\/en\/wp-json\/wp\/v2\/comments?post=169"}],"version-history":[{"count":6,"href":"https:\/\/cyberhack-solutions.com\/en\/wp-json\/wp\/v2\/pages\/169\/revisions"}],"predecessor-version":[{"id":844,"href":"https:\/\/cyberhack-solutions.com\/en\/wp-json\/wp\/v2\/pages\/169\/revisions\/844"}],"up":[{"embeddable":true,"href":"https:\/\/cyberhack-solutions.com\/en\/wp-json\/wp\/v2\/pages\/131"}],"wp:attachment":[{"href":"https:\/\/cyberhack-solutions.com\/en\/wp-json\/wp\/v2\/media?parent=169"}],"curies":[{"name":"wp","href":"https:\/\/api.w.org\/{rel}","templated":true}]}}