{"id":182,"date":"2025-06-15T19:21:12","date_gmt":"2025-06-15T17:21:12","guid":{"rendered":"http:\/\/cyberhack-solutions.com\/?page_id=182"},"modified":"2025-07-27T20:14:43","modified_gmt":"2025-07-27T18:14:43","slug":"segmentacion-de-la-red","status":"publish","type":"page","link":"https:\/\/cyberhack-solutions.com\/en\/servicios\/seguridad-en-red\/segmentacion-de-la-red\/","title":{"rendered":"Segmentaci\u00f3n de la red"},"content":{"rendered":"<div class=\"wp-block-cover alignfull has-parallax\" style=\"min-height:796px;aspect-ratio:unset;\"><div class=\"wp-block-cover__image-background wp-image-777 size-full has-parallax\" style=\"background-position:50% 50%;background-image:url(https:\/\/cyberhack-solutions.com\/wp-content\/uploads\/7a6c745d-be8f-46b1-a036-d596ec20e50c.png)\"><\/div><span aria-hidden=\"true\" class=\"wp-block-cover__background has-background-dim\"><\/span><div class=\"wp-block-cover__inner-container has-global-padding is-layout-constrained wp-block-cover-is-layout-constrained\">\n<p class=\"has-text-align-center has-large-font-size\"><strong>Segmentaci\u00f3n de la red<\/strong><\/p>\n\n\n\n<p class=\"has-text-align-center\" style=\"margin-right:0;margin-left:0\">La segmentaci\u00f3n de red consiste en dividir la infraestructura de red de una organizaci\u00f3n en m\u00faltiples segmentos o zonas aisladas, con el objetivo de limitar el movimiento lateral de atacantes, contener posibles incidentes de seguridad y mejorar el control del tr\u00e1fico interno.<\/p>\n\n\n\n<p class=\"has-text-align-center\" style=\"margin-right:0;margin-left:0\">Desde CyberHack Solutions, dise\u00f1amos e implementamos arquitecturas segmentadas basadas en las necesidades espec\u00edficas del cliente, ya sea en redes corporativas tradicionales, entornos industriales (OT) o redes h\u00edbridas. Utilizamos firewalls internos, VLANs, ACLs y zonas de seguridad para establecer l\u00edmites claros entre departamentos, tipos de dispositivos y niveles de riesgo.<\/p>\n<\/div><\/div>\n\n\n\n<div class=\"wp-block-buttons alignfull is-content-justification-center is-layout-flex wp-container-core-buttons-is-layout-10b1e184 wp-block-buttons-is-layout-flex\" style=\"padding-top:0;padding-right:0;padding-bottom:0;padding-left:var(--wp--preset--spacing--30)\">\n<div class=\"wp-block-button has-custom-width wp-block-button__width-50 is-style-outline is-style-outline--1\"><a class=\"wp-block-button__link has-base-2-color has-text-color has-background has-link-color has-medium-font-size has-custom-font-size wp-element-button\" href=\"https:\/\/cyberhack-solutions.com\/en\/contacto\/\" style=\"background-color:#063063;padding-right:0px;padding-left:0px\">CONT\u00c1CTENOS AHORA<\/a><\/div>\n<\/div>\n\n\n\n<div class=\"wp-block-cover alignfull has-parallax\"><div class=\"wp-block-cover__image-background wp-image-522 size-full has-parallax\" style=\"background-position:50% 50%;background-image:url(https:\/\/cyberhack-solutions.com\/wp-content\/uploads\/af5c7e00-b026-41c6-8d4d-1cf0a7824f18.png)\"><\/div><span aria-hidden=\"true\" class=\"wp-block-cover__background has-background-dim\"><\/span><div class=\"wp-block-cover__inner-container has-global-padding is-layout-constrained wp-block-cover-is-layout-constrained\">\n<div class=\"wp-block-columns alignwide is-layout-flex wp-container-core-columns-is-layout-28f84493 wp-block-columns-is-layout-flex\">\n<div class=\"wp-block-column is-layout-flow wp-block-column-is-layout-flow\">\n<h2 class=\"wp-block-heading has-text-align-center\" style=\"margin-top:var(--wp--preset--spacing--40);margin-bottom:var(--wp--preset--spacing--40)\">Objetivos<\/h2>\n\n\n\n<ul class=\"wp-block-list\">\n<li>Reducir la superficie de ataque limitando el acceso entre segmentos de red.<\/li>\n\n\n\n<li>Controlar el flujo de tr\u00e1fico interno para prevenir accesos no autorizados entre \u00e1reas sensibles.<\/li>\n\n\n\n<li>Aislar sistemas cr\u00edticos como servidores, bases de datos o sistemas de control industrial.<\/li>\n\n\n\n<li>Facilitar la detecci\u00f3n de anomal\u00edas al acotar las zonas donde se produce actividad inusual.<\/li>\n\n\n\n<li>Mejorar el cumplimiento normativo al permitir controles de acceso m\u00e1s estrictos.<\/li>\n<\/ul>\n<\/div>\n\n\n\n<div class=\"wp-block-column is-layout-flow wp-block-column-is-layout-flow\">\n<figure class=\"wp-block-image aligncenter size-large is-resized\"><img loading=\"lazy\" decoding=\"async\" width=\"1024\" height=\"683\" src=\"http:\/\/cyberhack-solutions.com\/wp-content\/uploads\/17eabcbe-b75d-4f12-baf2-f54c69e89ad1-1024x683.png\" alt=\"\" class=\"wp-image-263\" style=\"width:508px;height:auto\" srcset=\"https:\/\/cyberhack-solutions.com\/wp-content\/uploads\/17eabcbe-b75d-4f12-baf2-f54c69e89ad1-1024x683.png 1024w, https:\/\/cyberhack-solutions.com\/wp-content\/uploads\/17eabcbe-b75d-4f12-baf2-f54c69e89ad1-600x400.png 600w, https:\/\/cyberhack-solutions.com\/wp-content\/uploads\/17eabcbe-b75d-4f12-baf2-f54c69e89ad1-768x512.png 768w, https:\/\/cyberhack-solutions.com\/wp-content\/uploads\/17eabcbe-b75d-4f12-baf2-f54c69e89ad1.png 1536w\" sizes=\"auto, (max-width: 1024px) 100vw, 1024px\" \/><\/figure>\n<\/div>\n<\/div>\n\n\n\n<div class=\"wp-block-columns alignwide is-layout-flex wp-container-core-columns-is-layout-28f84493 wp-block-columns-is-layout-flex\">\n<div class=\"wp-block-column is-layout-flow wp-block-column-is-layout-flow\">\n<figure class=\"wp-block-image size-large is-resized\"><img loading=\"lazy\" decoding=\"async\" width=\"1024\" height=\"683\" src=\"http:\/\/cyberhack-solutions.com\/wp-content\/uploads\/76f43c7a-c1e6-4ba9-a40a-4353f8fb2123-1024x683.png\" alt=\"\" class=\"wp-image-266\" style=\"width:597px;height:auto\" srcset=\"https:\/\/cyberhack-solutions.com\/wp-content\/uploads\/76f43c7a-c1e6-4ba9-a40a-4353f8fb2123-1024x683.png 1024w, https:\/\/cyberhack-solutions.com\/wp-content\/uploads\/76f43c7a-c1e6-4ba9-a40a-4353f8fb2123-600x400.png 600w, https:\/\/cyberhack-solutions.com\/wp-content\/uploads\/76f43c7a-c1e6-4ba9-a40a-4353f8fb2123-768x512.png 768w, https:\/\/cyberhack-solutions.com\/wp-content\/uploads\/76f43c7a-c1e6-4ba9-a40a-4353f8fb2123.png 1536w\" sizes=\"auto, (max-width: 1024px) 100vw, 1024px\" \/><\/figure>\n<\/div>\n\n\n\n<div class=\"wp-block-column is-layout-flow wp-block-column-is-layout-flow\">\n<h2 class=\"wp-block-heading has-text-align-center\" style=\"margin-top:var(--wp--preset--spacing--20);margin-bottom:var(--wp--preset--spacing--20)\">Beneficios<\/h2>\n\n\n\n<ul class=\"wp-block-list\">\n<li>Mayor control y visibilidad: Permite saber qui\u00e9n accede a qu\u00e9 y desde d\u00f3nde, facilitando la gesti\u00f3n de la red.<\/li>\n\n\n\n<li>Contenci\u00f3n de incidentes: Si un dispositivo es comprometido, el atacante no podr\u00e1 moverse libremente por toda la red.<\/li>\n\n\n\n<li>Protecci\u00f3n de activos cr\u00edticos: Sistemas sensibles quedan separados del resto de la red, reduciendo el riesgo de exposici\u00f3n.<\/li>\n\n\n\n<li>Cumplimiento de est\u00e1ndares: Muchas normativas (como PCI-DSS, ISO 27001 o NIS2) recomiendan o exigen segmentaci\u00f3n como medida de seguridad esencial.<\/li>\n\n\n\n<li>Facilidad de auditor\u00eda y trazabilidad: Los flujos segmentados permiten un seguimiento m\u00e1s claro de las comunicaciones internas.<\/li>\n\n\n\n<li>Optimizaci\u00f3n del rendimiento: Al dividir la red, se reduce la congesti\u00f3n y se mejora la eficiencia del tr\u00e1fico.<\/li>\n<\/ul>\n<\/div>\n<\/div>\n\n\n\n<h2 class=\"wp-block-heading alignfull has-text-align-center has-background has-xx-large-font-size\" style=\"background-color:#3399ff\">\u00bfPodemos ayudarle en algo?<\/h2>\n\n\n\n<div class=\"wp-block-buttons alignfull is-content-justification-center is-layout-flex wp-container-core-buttons-is-layout-76de4b3f wp-block-buttons-is-layout-flex\" style=\"padding-top:0;padding-right:0;padding-bottom:0;padding-left:var(--wp--preset--spacing--30)\">\n<div class=\"wp-block-button has-custom-width wp-block-button__width-50 is-style-outline is-style-outline--2\"><a class=\"wp-block-button__link has-background has-medium-font-size has-custom-font-size wp-element-button\" href=\"https:\/\/cyberhack-solutions.com\/en\/contacto\/\" style=\"background-color:#063063;padding-right:0px;padding-left:0px\">CONT\u00c1CTENOS AHORA<\/a><\/div>\n<\/div>\n\n\n\n<hr class=\"wp-block-separator alignfull has-text-color has-base-2-color has-alpha-channel-opacity has-base-2-background-color has-background\"\/>\n\n\n\n<h2 class=\"wp-block-heading has-text-align-center\">Que ofrecemos<\/h2>\n\n\n\n<ul class=\"wp-block-list\">\n<li>An\u00e1lisis de red actual para identificar puntos d\u00e9biles y definir zonas de seguridad.<\/li>\n\n\n\n<li>Dise\u00f1o de arquitectura segmentada adaptada a la estructura organizativa y necesidades del cliente.<\/li>\n\n\n\n<li>Implementaci\u00f3n de VLANs, ACLs y firewalls internos con reglas personalizadas.<\/li>\n\n\n\n<li>Pruebas de validaci\u00f3n y hardening para verificar el correcto aislamiento entre segmentos.<\/li>\n\n\n\n<li>Documentaci\u00f3n t\u00e9cnica y formaci\u00f3n para el personal de TI sobre gesti\u00f3n y mantenimiento del entorno segmentado.<\/li>\n<\/ul>\n<\/div><\/div>\n\n\n\n<div class=\"uagb-position__sticky wp-block-uagb-container uagb-block-2677d520 alignfull uagb-is-root-container\"><div class=\"uagb-container-inner-blocks-wrap\">\n<div class=\"wp-block-buttons is-content-justification-right is-layout-flex wp-container-core-buttons-is-layout-d445cf74 wp-block-buttons-is-layout-flex\">\n<div class=\"wp-block-button\"><a class=\"wp-block-button__link has-background wp-element-button\" href=\"https:\/\/cyberhack-solutions.com\/en\/servicios\/seguridad-en-red\/\" style=\"background-color:#063063\">Volver a seguridad en red<\/a><\/div>\n<\/div>\n<\/div><\/div>","protected":false},"excerpt":{"rendered":"","protected":false},"author":1,"featured_media":0,"parent":131,"menu_order":0,"comment_status":"closed","ping_status":"closed","template":"page-no-title","meta":{"_uag_custom_page_level_css":"","footnotes":""},"class_list":["post-182","page","type-page","status-publish","hentry"],"uagb_featured_image_src":{"full":false,"thumbnail":false,"medium":false,"medium_large":false,"large":false,"1536x1536":false,"2048x2048":false,"trp-custom-language-flag":false},"uagb_author_info":{"display_name":"prio","author_link":"https:\/\/cyberhack-solutions.com\/en\/author\/prio\/"},"uagb_comment_info":0,"uagb_excerpt":null,"_links":{"self":[{"href":"https:\/\/cyberhack-solutions.com\/en\/wp-json\/wp\/v2\/pages\/182","targetHints":{"allow":["GET"]}}],"collection":[{"href":"https:\/\/cyberhack-solutions.com\/en\/wp-json\/wp\/v2\/pages"}],"about":[{"href":"https:\/\/cyberhack-solutions.com\/en\/wp-json\/wp\/v2\/types\/page"}],"author":[{"embeddable":true,"href":"https:\/\/cyberhack-solutions.com\/en\/wp-json\/wp\/v2\/users\/1"}],"replies":[{"embeddable":true,"href":"https:\/\/cyberhack-solutions.com\/en\/wp-json\/wp\/v2\/comments?post=182"}],"version-history":[{"count":4,"href":"https:\/\/cyberhack-solutions.com\/en\/wp-json\/wp\/v2\/pages\/182\/revisions"}],"predecessor-version":[{"id":846,"href":"https:\/\/cyberhack-solutions.com\/en\/wp-json\/wp\/v2\/pages\/182\/revisions\/846"}],"up":[{"embeddable":true,"href":"https:\/\/cyberhack-solutions.com\/en\/wp-json\/wp\/v2\/pages\/131"}],"wp:attachment":[{"href":"https:\/\/cyberhack-solutions.com\/en\/wp-json\/wp\/v2\/media?parent=182"}],"curies":[{"name":"wp","href":"https:\/\/api.w.org\/{rel}","templated":true}]}}