{"id":20,"date":"2025-05-01T15:33:42","date_gmt":"2025-05-01T13:33:42","guid":{"rendered":"http:\/\/cyberhack-solutions.com\/?page_id=20"},"modified":"2025-07-21T19:02:34","modified_gmt":"2025-07-21T17:02:34","slug":"quienes-somos","status":"publish","type":"page","link":"https:\/\/cyberhack-solutions.com\/en\/quienes-somos\/","title":{"rendered":"Qui\u00e9nes somos"},"content":{"rendered":"<h2 class=\"wp-block-heading\">Conoce nuestra historia<\/h2>\n\n\n\n<div class=\"wp-block-columns is-layout-flex wp-container-core-columns-is-layout-28f84493 wp-block-columns-is-layout-flex\">\n<div class=\"wp-block-column is-layout-flow wp-block-column-is-layout-flow\">\n<figure class=\"wp-block-image size-full is-resized\"><img loading=\"lazy\" decoding=\"async\" width=\"1170\" height=\"1554\" src=\"https:\/\/cyberhack-solutions.com\/wp-content\/uploads\/Imagen-de-WhatsApp-2025-04-10-a-las-10.56.48_8aee333a.jpg\" alt=\"\" class=\"wp-image-364\" style=\"aspect-ratio:2\/3;object-fit:cover;width:1000px\" srcset=\"https:\/\/cyberhack-solutions.com\/wp-content\/uploads\/Imagen-de-WhatsApp-2025-04-10-a-las-10.56.48_8aee333a.jpg 1170w, https:\/\/cyberhack-solutions.com\/wp-content\/uploads\/Imagen-de-WhatsApp-2025-04-10-a-las-10.56.48_8aee333a-452x600.jpg 452w, https:\/\/cyberhack-solutions.com\/wp-content\/uploads\/Imagen-de-WhatsApp-2025-04-10-a-las-10.56.48_8aee333a-771x1024.jpg 771w, https:\/\/cyberhack-solutions.com\/wp-content\/uploads\/Imagen-de-WhatsApp-2025-04-10-a-las-10.56.48_8aee333a-768x1020.jpg 768w, https:\/\/cyberhack-solutions.com\/wp-content\/uploads\/Imagen-de-WhatsApp-2025-04-10-a-las-10.56.48_8aee333a-1156x1536.jpg 1156w\" sizes=\"auto, (max-width: 1170px) 100vw, 1170px\" \/><\/figure>\n\n\n\n<p><a href=\"https:\/\/www.linkedin.com\/in\/abel-mu%C3%B1oz-847956312\/\" data-type=\"link\" data-id=\"https:\/\/www.linkedin.com\/in\/abel-mu%C3%B1oz-847956312\/\">Abel Mu\u00f1oz Sotillo<\/a><\/p>\n\n\n\n<ul class=\"wp-block-social-links is-content-justification-center is-layout-flex wp-container-core-social-links-is-layout-a89b3969 wp-block-social-links-is-layout-flex\"><li class=\"wp-social-link wp-social-link-linkedin  wp-block-social-link\"><a href=\"https:\/\/www.linkedin.com\/in\/abel-mu%C3%B1oz-847956312\/\" class=\"wp-block-social-link-anchor\"><svg width=\"24\" height=\"24\" viewbox=\"0 0 24 24\" version=\"1.1\" xmlns=\"http:\/\/www.w3.org\/2000\/svg\" aria-hidden=\"true\" focusable=\"false\"><path d=\"M19.7,3H4.3C3.582,3,3,3.582,3,4.3v15.4C3,20.418,3.582,21,4.3,21h15.4c0.718,0,1.3-0.582,1.3-1.3V4.3 C21,3.582,20.418,3,19.7,3z M8.339,18.338H5.667v-8.59h2.672V18.338z M7.004,8.574c-0.857,0-1.549-0.694-1.549-1.548 c0-0.855,0.691-1.548,1.549-1.548c0.854,0,1.547,0.694,1.547,1.548C8.551,7.881,7.858,8.574,7.004,8.574z M18.339,18.338h-2.669 v-4.177c0-0.996-0.017-2.278-1.387-2.278c-1.389,0-1.601,1.086-1.601,2.206v4.249h-2.667v-8.59h2.559v1.174h0.037 c0.356-0.675,1.227-1.387,2.526-1.387c2.703,0,3.203,1.779,3.203,4.092V18.338z\"><\/path><\/svg><span class=\"wp-block-social-link-label screen-reader-text\">LinkedIn<\/span><\/a><\/li>\n\n<\/ul>\n<\/div>\n\n\n\n<div class=\"wp-block-column is-layout-flow wp-block-column-is-layout-flow\">\n<figure class=\"wp-block-image size-large is-resized\"><img loading=\"lazy\" decoding=\"async\" width=\"719\" height=\"1024\" src=\"https:\/\/cyberhack-solutions.com\/wp-content\/uploads\/Imagen-de-WhatsApp-2025-04-10-a-las-10.06.55_9febff09-719x1024.jpg\" alt=\"\" class=\"wp-image-365\" style=\"aspect-ratio:2\/3;object-fit:cover;width:1000px\" srcset=\"https:\/\/cyberhack-solutions.com\/wp-content\/uploads\/Imagen-de-WhatsApp-2025-04-10-a-las-10.06.55_9febff09-719x1024.jpg 719w, https:\/\/cyberhack-solutions.com\/wp-content\/uploads\/Imagen-de-WhatsApp-2025-04-10-a-las-10.06.55_9febff09-421x600.jpg 421w, https:\/\/cyberhack-solutions.com\/wp-content\/uploads\/Imagen-de-WhatsApp-2025-04-10-a-las-10.06.55_9febff09-768x1094.jpg 768w, https:\/\/cyberhack-solutions.com\/wp-content\/uploads\/Imagen-de-WhatsApp-2025-04-10-a-las-10.06.55_9febff09-1078x1536.jpg 1078w, https:\/\/cyberhack-solutions.com\/wp-content\/uploads\/Imagen-de-WhatsApp-2025-04-10-a-las-10.06.55_9febff09.jpg 1123w\" sizes=\"auto, (max-width: 719px) 100vw, 719px\" \/><\/figure>\n\n\n\n<p><a href=\"https:\/\/www.linkedin.com\/in\/marcosp\u00e9rez\" data-type=\"link\" data-id=\"https:\/\/www.linkedin.com\/in\/marcosp\u00e9rez\">Marcos P\u00e9rez S\u00e1ez<\/a><\/p>\n\n\n\n<ul class=\"wp-block-social-links is-content-justification-center is-layout-flex wp-container-core-social-links-is-layout-a89b3969 wp-block-social-links-is-layout-flex\"><li class=\"wp-social-link wp-social-link-linkedin  wp-block-social-link\"><a href=\"https:\/\/www.linkedin.com\/in\/marcosp%C3%A9rez\/\" class=\"wp-block-social-link-anchor\"><svg width=\"24\" height=\"24\" viewbox=\"0 0 24 24\" version=\"1.1\" xmlns=\"http:\/\/www.w3.org\/2000\/svg\" aria-hidden=\"true\" focusable=\"false\"><path d=\"M19.7,3H4.3C3.582,3,3,3.582,3,4.3v15.4C3,20.418,3.582,21,4.3,21h15.4c0.718,0,1.3-0.582,1.3-1.3V4.3 C21,3.582,20.418,3,19.7,3z M8.339,18.338H5.667v-8.59h2.672V18.338z M7.004,8.574c-0.857,0-1.549-0.694-1.549-1.548 c0-0.855,0.691-1.548,1.549-1.548c0.854,0,1.547,0.694,1.547,1.548C8.551,7.881,7.858,8.574,7.004,8.574z M18.339,18.338h-2.669 v-4.177c0-0.996-0.017-2.278-1.387-2.278c-1.389,0-1.601,1.086-1.601,2.206v4.249h-2.667v-8.59h2.559v1.174h0.037 c0.356-0.675,1.227-1.387,2.526-1.387c2.703,0,3.203,1.779,3.203,4.092V18.338z\"><\/path><\/svg><span class=\"wp-block-social-link-label screen-reader-text\">LinkedIn<\/span><\/a><\/li>\n\n<\/ul>\n<\/div>\n\n\n\n<div class=\"wp-block-column is-layout-flow wp-block-column-is-layout-flow\">\n<figure class=\"wp-block-image size-full\"><img loading=\"lazy\" decoding=\"async\" width=\"800\" height=\"800\" src=\"https:\/\/cyberhack-solutions.com\/wp-content\/uploads\/FOTO_LINKEDIN.jpeg\" alt=\"\" class=\"wp-image-366\" style=\"aspect-ratio:2\/3;object-fit:cover\" srcset=\"https:\/\/cyberhack-solutions.com\/wp-content\/uploads\/FOTO_LINKEDIN.jpeg 800w, https:\/\/cyberhack-solutions.com\/wp-content\/uploads\/FOTO_LINKEDIN-600x600.jpeg 600w, https:\/\/cyberhack-solutions.com\/wp-content\/uploads\/FOTO_LINKEDIN-300x300.jpeg 300w, https:\/\/cyberhack-solutions.com\/wp-content\/uploads\/FOTO_LINKEDIN-768x768.jpeg 768w\" sizes=\"auto, (max-width: 800px) 100vw, 800px\" \/><\/figure>\n\n\n\n<p><a href=\"http:\/\/www.linkedin.com\/in\/pablodelriomartinez\" data-type=\"link\" data-id=\"www.linkedin.com\/in\/pablodelriomartinez\">Pablo del R\u00edo Mart\u00ednez<\/a><\/p>\n\n\n\n<ul class=\"wp-block-social-links is-content-justification-center is-layout-flex wp-container-core-social-links-is-layout-a89b3969 wp-block-social-links-is-layout-flex\"><li class=\"wp-social-link wp-social-link-linkedin  wp-block-social-link\"><a href=\"http:\/\/www.linkedin.com\/in\/pablodelriomartinez\" class=\"wp-block-social-link-anchor\"><svg width=\"24\" height=\"24\" viewbox=\"0 0 24 24\" version=\"1.1\" xmlns=\"http:\/\/www.w3.org\/2000\/svg\" aria-hidden=\"true\" focusable=\"false\"><path d=\"M19.7,3H4.3C3.582,3,3,3.582,3,4.3v15.4C3,20.418,3.582,21,4.3,21h15.4c0.718,0,1.3-0.582,1.3-1.3V4.3 C21,3.582,20.418,3,19.7,3z M8.339,18.338H5.667v-8.59h2.672V18.338z M7.004,8.574c-0.857,0-1.549-0.694-1.549-1.548 c0-0.855,0.691-1.548,1.549-1.548c0.854,0,1.547,0.694,1.547,1.548C8.551,7.881,7.858,8.574,7.004,8.574z M18.339,18.338h-2.669 v-4.177c0-0.996-0.017-2.278-1.387-2.278c-1.389,0-1.601,1.086-1.601,2.206v4.249h-2.667v-8.59h2.559v1.174h0.037 c0.356-0.675,1.227-1.387,2.526-1.387c2.703,0,3.203,1.779,3.203,4.092V18.338z\"><\/path><\/svg><span class=\"wp-block-social-link-label screen-reader-text\">LinkedIn<\/span><\/a><\/li>\n\n<li class=\"wp-social-link wp-social-link-github  wp-block-social-link\"><a href=\"https:\/\/github.com\/Durum42\" class=\"wp-block-social-link-anchor\"><svg width=\"24\" height=\"24\" viewbox=\"0 0 24 24\" version=\"1.1\" xmlns=\"http:\/\/www.w3.org\/2000\/svg\" aria-hidden=\"true\" focusable=\"false\"><path d=\"M12,2C6.477,2,2,6.477,2,12c0,4.419,2.865,8.166,6.839,9.489c0.5,0.09,0.682-0.218,0.682-0.484 c0-0.236-0.009-0.866-0.014-1.699c-2.782,0.602-3.369-1.34-3.369-1.34c-0.455-1.157-1.11-1.465-1.11-1.465 c-0.909-0.62,0.069-0.608,0.069-0.608c1.004,0.071,1.532,1.03,1.532,1.03c0.891,1.529,2.341,1.089,2.91,0.833 c0.091-0.647,0.349-1.086,0.635-1.337c-2.22-0.251-4.555-1.111-4.555-4.943c0-1.091,0.39-1.984,1.03-2.682 C6.546,8.54,6.202,7.524,6.746,6.148c0,0,0.84-0.269,2.75,1.025C10.295,6.95,11.15,6.84,12,6.836 c0.85,0.004,1.705,0.114,2.504,0.336c1.909-1.294,2.748-1.025,2.748-1.025c0.546,1.376,0.202,2.394,0.1,2.646 c0.64,0.699,1.026,1.591,1.026,2.682c0,3.841-2.337,4.687-4.565,4.935c0.359,0.307,0.679,0.917,0.679,1.852 c0,1.335-0.012,2.415-0.012,2.741c0,0.269,0.18,0.579,0.688,0.481C19.138,20.161,22,16.416,22,12C22,6.477,17.523,2,12,2z\"><\/path><\/svg><span class=\"wp-block-social-link-label screen-reader-text\">GitHub<\/span><\/a><\/li><\/ul>\n<\/div>\n<\/div>\n\n\n\n<div class=\"wp-block-uagb-container uagb-block-4cbfadf5 alignfull uagb-is-root-container\"><div class=\"uagb-container-inner-blocks-wrap\"><\/div><\/div>\n\n\n\n<p><\/p>","protected":false},"excerpt":{"rendered":"<p>Conoce nuestra historia Abel Mu\u00f1oz Sotillo Marcos P\u00e9rez S\u00e1ez Pablo del R\u00edo Mart\u00ednez<\/p>","protected":false},"author":1,"featured_media":0,"parent":0,"menu_order":0,"comment_status":"closed","ping_status":"closed","template":"page-no-title","meta":{"_uag_custom_page_level_css":"","footnotes":""},"class_list":["post-20","page","type-page","status-publish","hentry"],"uagb_featured_image_src":{"full":false,"thumbnail":false,"medium":false,"medium_large":false,"large":false,"1536x1536":false,"2048x2048":false,"trp-custom-language-flag":false},"uagb_author_info":{"display_name":"prio","author_link":"https:\/\/cyberhack-solutions.com\/en\/author\/prio\/"},"uagb_comment_info":0,"uagb_excerpt":"Conoce nuestra historia Abel Mu\u00f1oz Sotillo Marcos P\u00e9rez S\u00e1ez Pablo del R\u00edo Mart\u00ednez","_links":{"self":[{"href":"https:\/\/cyberhack-solutions.com\/en\/wp-json\/wp\/v2\/pages\/20","targetHints":{"allow":["GET"]}}],"collection":[{"href":"https:\/\/cyberhack-solutions.com\/en\/wp-json\/wp\/v2\/pages"}],"about":[{"href":"https:\/\/cyberhack-solutions.com\/en\/wp-json\/wp\/v2\/types\/page"}],"author":[{"embeddable":true,"href":"https:\/\/cyberhack-solutions.com\/en\/wp-json\/wp\/v2\/users\/1"}],"replies":[{"embeddable":true,"href":"https:\/\/cyberhack-solutions.com\/en\/wp-json\/wp\/v2\/comments?post=20"}],"version-history":[{"count":7,"href":"https:\/\/cyberhack-solutions.com\/en\/wp-json\/wp\/v2\/pages\/20\/revisions"}],"predecessor-version":[{"id":881,"href":"https:\/\/cyberhack-solutions.com\/en\/wp-json\/wp\/v2\/pages\/20\/revisions\/881"}],"wp:attachment":[{"href":"https:\/\/cyberhack-solutions.com\/en\/wp-json\/wp\/v2\/media?parent=20"}],"curies":[{"name":"wp","href":"https:\/\/api.w.org\/{rel}","templated":true}]}}