{"id":371,"date":"2025-07-10T16:55:34","date_gmt":"2025-07-10T14:55:34","guid":{"rendered":"https:\/\/cyberhack-solutions.com\/?page_id=371"},"modified":"2025-07-10T17:12:17","modified_gmt":"2025-07-10T15:12:17","slug":"declaracion-de-privacidad","status":"publish","type":"page","link":"https:\/\/cyberhack-solutions.com\/en\/recursos\/declaracion-de-privacidad\/","title":{"rendered":"Declaraci\u00f3n de privacidad"},"content":{"rendered":"<p><strong>Responsable del Tratamiento de Datos:<\/strong><br>CyberHack Solutions <br>Correo: <a>contacto@cyberhack-solutions.com<\/a><\/p>\n\n\n\n<p><strong>Datos que recopilamos:<\/strong><\/p>\n\n\n\n<ul class=\"wp-block-list\">\n<li>Datos identificativos: nombre, email, empresa, cargo<\/li>\n\n\n\n<li>Datos de contacto: tel\u00e9fono, direcci\u00f3n IP<\/li>\n\n\n\n<li>Informaci\u00f3n t\u00e9cnica mediante cookies<\/li>\n<\/ul>\n\n\n\n<p><strong>Finalidad del Tratamiento:<\/strong><\/p>\n\n\n\n<ul class=\"wp-block-list\">\n<li>Atender solicitudes de informaci\u00f3n o contacto<\/li>\n\n\n\n<li>Prestar y gestionar los servicios contratados<\/li>\n\n\n\n<li>Realizar comunicaciones comerciales con consentimiento<\/li>\n\n\n\n<li>Mejorar la experiencia del usuario en el sitio web<\/li>\n<\/ul>\n\n\n\n<p><strong>Legitimaci\u00f3n:<\/strong><br>Tratamos tus datos sobre la base del consentimiento del usuario, cumplimiento contractual y, en ciertos casos, inter\u00e9s leg\u00edtimo.<\/p>\n\n\n\n<p><strong>Conservaci\u00f3n de Datos:<\/strong><br>Los datos personales se conservar\u00e1n durante el tiempo necesario para cumplir con la finalidad para la cual fueron recopilados o mientras exista una relaci\u00f3n contractual o comercial.<\/p>\n\n\n\n<p><strong>Cesi\u00f3n de Datos:<\/strong><br>No compartimos tus datos con terceros, salvo obligaci\u00f3n legal o en caso de requerir servicios de proveedores tecnol\u00f3gicos (hosting, emailing, CRM), los cuales est\u00e1n debidamente contratados con cl\u00e1usulas de confidencialidad.<\/p>\n\n\n\n<p><strong>Derechos del Usuario:<\/strong><br>Tienes derecho a acceder, rectificar, suprimir, limitar u oponerte al tratamiento de tus datos personales. Puedes ejercer estos derechos escribiendo a CyberHackSolutions_SL@proton.me<\/p>","protected":false},"excerpt":{"rendered":"<p>Responsable del Tratamiento de Datos:CyberHack Solutions Correo: contacto@cyberhack-solutions.com Datos que recopilamos: Finalidad del Tratamiento: Legitimaci\u00f3n:Tratamos tus datos sobre la base del consentimiento del usuario, cumplimiento contractual y, en ciertos casos, inter\u00e9s leg\u00edtimo. Conservaci\u00f3n de Datos:Los datos personales se conservar\u00e1n durante el tiempo necesario para cumplir con la finalidad para la cual fueron recopilados o mientras [&hellip;]<\/p>\n","protected":false},"author":1,"featured_media":0,"parent":42,"menu_order":0,"comment_status":"closed","ping_status":"closed","template":"","meta":{"_uag_custom_page_level_css":"","footnotes":""},"class_list":["post-371","page","type-page","status-publish","hentry"],"uagb_featured_image_src":{"full":false,"thumbnail":false,"medium":false,"medium_large":false,"large":false,"1536x1536":false,"2048x2048":false,"trp-custom-language-flag":false},"uagb_author_info":{"display_name":"prio","author_link":"https:\/\/cyberhack-solutions.com\/en\/author\/prio\/"},"uagb_comment_info":0,"uagb_excerpt":"Responsable del Tratamiento de Datos:CyberHack Solutions Correo: contacto@cyberhack-solutions.com Datos que recopilamos: Finalidad del Tratamiento: Legitimaci\u00f3n:Tratamos tus datos sobre la base del consentimiento del usuario, cumplimiento contractual y, en ciertos casos, inter\u00e9s leg\u00edtimo. Conservaci\u00f3n de Datos:Los datos personales se conservar\u00e1n durante el tiempo necesario para cumplir con la finalidad para la cual fueron recopilados o mientras&hellip;","_links":{"self":[{"href":"https:\/\/cyberhack-solutions.com\/en\/wp-json\/wp\/v2\/pages\/371","targetHints":{"allow":["GET"]}}],"collection":[{"href":"https:\/\/cyberhack-solutions.com\/en\/wp-json\/wp\/v2\/pages"}],"about":[{"href":"https:\/\/cyberhack-solutions.com\/en\/wp-json\/wp\/v2\/types\/page"}],"author":[{"embeddable":true,"href":"https:\/\/cyberhack-solutions.com\/en\/wp-json\/wp\/v2\/users\/1"}],"replies":[{"embeddable":true,"href":"https:\/\/cyberhack-solutions.com\/en\/wp-json\/wp\/v2\/comments?post=371"}],"version-history":[{"count":2,"href":"https:\/\/cyberhack-solutions.com\/en\/wp-json\/wp\/v2\/pages\/371\/revisions"}],"predecessor-version":[{"id":378,"href":"https:\/\/cyberhack-solutions.com\/en\/wp-json\/wp\/v2\/pages\/371\/revisions\/378"}],"up":[{"embeddable":true,"href":"https:\/\/cyberhack-solutions.com\/en\/wp-json\/wp\/v2\/pages\/42"}],"wp:attachment":[{"href":"https:\/\/cyberhack-solutions.com\/en\/wp-json\/wp\/v2\/media?parent=371"}],"curies":[{"name":"wp","href":"https:\/\/api.w.org\/{rel}","templated":true}]}}