{"id":373,"date":"2025-07-10T16:56:00","date_gmt":"2025-07-10T14:56:00","guid":{"rendered":"https:\/\/cyberhack-solutions.com\/?page_id=373"},"modified":"2025-12-09T08:10:12","modified_gmt":"2025-12-09T07:10:12","slug":"aviso-legal","status":"publish","type":"page","link":"https:\/\/cyberhack-solutions.com\/en\/recursos\/aviso-legal\/","title":{"rendered":"Aviso legal"},"content":{"rendered":"<p><strong>Titular del Sitio Web:<\/strong><br>CyberHack Solutions.<br>NIT: <br>Domicilio: Calle del Marqu\u00e9s de la Valdavia, Alcobendas, Madrid, Espa\u00f1a<br>Correo electr\u00f3nico: <a>CyberHackSolutions_SL@proton.me<\/a><br>Tel\u00e9fono: +34 616244486<br>Sitio Web: <a href=\"https:\/\/cyberhack-solutions.com\/en\/\" class=\"\">www.cyberhack-solutions.com<\/a><\/p>\n\n\n\n<p><strong>Objeto del Sitio Web<\/strong><br>El presente sitio web tiene como finalidad proporcionar informaci\u00f3n sobre los servicios de ciberseguridad, auditor\u00edas, consultor\u00eda tecnol\u00f3gica, an\u00e1lisis de vulnerabilidades, pruebas de penetraci\u00f3n y formaci\u00f3n especializada ofrecidos por CyberHack Solutions.<\/p>\n\n\n\n<p><strong>Propiedad Intelectual<\/strong><br>Todos los contenidos de este sitio web, incluyendo textos, im\u00e1genes, logotipos, dise\u00f1os, c\u00f3digo fuente, y dem\u00e1s elementos, son propiedad exclusiva de CyberHack Solutions, o se cuenta con las licencias correspondientes. Queda prohibida su reproducci\u00f3n o distribuci\u00f3n sin autorizaci\u00f3n expresa.<\/p>\n\n\n\n<p><strong>Responsabilidad del Titular<\/strong><br>CyberHack Solutions no se responsabiliza por el uso indebido de la informaci\u00f3n contenida en esta web ni por los da\u00f1os que puedan derivarse del acceso o uso de los contenidos o enlaces externos.<\/p>\n\n\n\n<p><strong>Legislaci\u00f3n Aplicable<\/strong><br>Este aviso legal se rige por la legislaci\u00f3n colombiana, y cualquier conflicto relacionado ser\u00e1 sometido a los tribunales competentes del domicilio del titular.<\/p>","protected":false},"excerpt":{"rendered":"<p>Titular del Sitio Web:CyberHack Solutions.NIT: Domicilio: Calle del Marqu\u00e9s de la Valdavia, Alcobendas, Madrid, Espa\u00f1aCorreo electr\u00f3nico: CyberHackSolutions_SL@proton.meTel\u00e9fono: +34 616244486Sitio Web: www.cyberhack-solutions.com Objeto del Sitio WebEl presente sitio web tiene como finalidad proporcionar informaci\u00f3n sobre los servicios de ciberseguridad, auditor\u00edas, consultor\u00eda tecnol\u00f3gica, an\u00e1lisis de vulnerabilidades, pruebas de penetraci\u00f3n y formaci\u00f3n especializada ofrecidos por CyberHack Solutions. Propiedad [&hellip;]<\/p>\n","protected":false},"author":1,"featured_media":0,"parent":42,"menu_order":0,"comment_status":"closed","ping_status":"closed","template":"","meta":{"_uag_custom_page_level_css":"","footnotes":""},"class_list":["post-373","page","type-page","status-publish","hentry"],"uagb_featured_image_src":{"full":false,"thumbnail":false,"medium":false,"medium_large":false,"large":false,"1536x1536":false,"2048x2048":false,"trp-custom-language-flag":false},"uagb_author_info":{"display_name":"prio","author_link":"https:\/\/cyberhack-solutions.com\/en\/author\/prio\/"},"uagb_comment_info":0,"uagb_excerpt":"Titular del Sitio Web:CyberHack Solutions.NIT: Domicilio: Calle del Marqu\u00e9s de la Valdavia, Alcobendas, Madrid, Espa\u00f1aCorreo electr\u00f3nico: CyberHackSolutions_SL@proton.meTel\u00e9fono: +34 616244486Sitio Web: www.cyberhack-solutions.com Objeto del Sitio WebEl presente sitio web tiene como finalidad proporcionar informaci\u00f3n sobre los servicios de ciberseguridad, auditor\u00edas, consultor\u00eda tecnol\u00f3gica, an\u00e1lisis de vulnerabilidades, pruebas de penetraci\u00f3n y formaci\u00f3n especializada ofrecidos por CyberHack Solutions. Propiedad&hellip;","_links":{"self":[{"href":"https:\/\/cyberhack-solutions.com\/en\/wp-json\/wp\/v2\/pages\/373","targetHints":{"allow":["GET"]}}],"collection":[{"href":"https:\/\/cyberhack-solutions.com\/en\/wp-json\/wp\/v2\/pages"}],"about":[{"href":"https:\/\/cyberhack-solutions.com\/en\/wp-json\/wp\/v2\/types\/page"}],"author":[{"embeddable":true,"href":"https:\/\/cyberhack-solutions.com\/en\/wp-json\/wp\/v2\/users\/1"}],"replies":[{"embeddable":true,"href":"https:\/\/cyberhack-solutions.com\/en\/wp-json\/wp\/v2\/comments?post=373"}],"version-history":[{"count":3,"href":"https:\/\/cyberhack-solutions.com\/en\/wp-json\/wp\/v2\/pages\/373\/revisions"}],"predecessor-version":[{"id":938,"href":"https:\/\/cyberhack-solutions.com\/en\/wp-json\/wp\/v2\/pages\/373\/revisions\/938"}],"up":[{"embeddable":true,"href":"https:\/\/cyberhack-solutions.com\/en\/wp-json\/wp\/v2\/pages\/42"}],"wp:attachment":[{"href":"https:\/\/cyberhack-solutions.com\/en\/wp-json\/wp\/v2\/media?parent=373"}],"curies":[{"name":"wp","href":"https:\/\/api.w.org\/{rel}","templated":true}]}}