{"id":380,"date":"2025-07-10T17:09:53","date_gmt":"2025-07-10T15:09:53","guid":{"rendered":"https:\/\/cyberhack-solutions.com\/?page_id=380"},"modified":"2025-07-10T17:09:53","modified_gmt":"2025-07-10T15:09:53","slug":"terminos-y-condiciones","status":"publish","type":"page","link":"https:\/\/cyberhack-solutions.com\/en\/terminos-y-condiciones\/","title":{"rendered":"T\u00e9rminos y condiciones"},"content":{"rendered":"<p><strong>Objeto del contrato:<\/strong><br>La contrataci\u00f3n de servicios ofrecidos por CyberHack Solutions se realiza de forma digital mediante solicitud por formulario web o contacto directo.<\/p>\n\n\n\n<p><strong>Proceso de contrataci\u00f3n:<\/strong><\/p>\n\n\n\n<ul class=\"wp-block-list\">\n<li>El cliente solicita informaci\u00f3n o cotizaci\u00f3n<\/li>\n\n\n\n<li>Se genera una propuesta comercial<\/li>\n\n\n\n<li>Al ser aceptada y firmada, se inicia la prestaci\u00f3n del servicio<\/li>\n<\/ul>\n\n\n\n<p><strong>Formas de pago:<\/strong><br>Transferencia bancaria, pagos con tarjeta o pasarelas de pago autorizadas. Los precios incluyen impuestos aplicables seg\u00fan la normativa colombiana.<\/p>\n\n\n\n<p><strong>Cancelaciones y reembolsos:<\/strong><br>Los servicios contratados no son reembolsables una vez iniciados. En caso de cancelaci\u00f3n anticipada, se aplicar\u00e1n penalizaciones acordadas en el contrato.<\/p>\n\n\n\n<p><strong>Obligaciones del cliente:<\/strong><\/p>\n\n\n\n<ul class=\"wp-block-list\">\n<li>Proporcionar informaci\u00f3n veraz y completa<\/li>\n\n\n\n<li>Colaborar activamente en el desarrollo del servicio<\/li>\n\n\n\n<li>Cumplir con los pagos acordados en tiempo<\/li>\n<\/ul>\n\n\n\n<p><strong>Legislaci\u00f3n aplicable:<\/strong><br>Este contrato se rige por la legislaci\u00f3n colombiana. Las partes se someten a los tribunales de Medell\u00edn para la resoluci\u00f3n de cualquier disputa.<\/p>","protected":false},"excerpt":{"rendered":"<p>Objeto del contrato:La contrataci\u00f3n de servicios ofrecidos por CyberHack Solutions se realiza de forma digital mediante solicitud por formulario web o contacto directo. Proceso de contrataci\u00f3n: Formas de pago:Transferencia bancaria, pagos con tarjeta o pasarelas de pago autorizadas. Los precios incluyen impuestos aplicables seg\u00fan la normativa colombiana. Cancelaciones y reembolsos:Los servicios contratados no son reembolsables [&hellip;]<\/p>\n","protected":false},"author":1,"featured_media":0,"parent":0,"menu_order":0,"comment_status":"closed","ping_status":"closed","template":"","meta":{"_uag_custom_page_level_css":"","footnotes":""},"class_list":["post-380","page","type-page","status-publish","hentry"],"uagb_featured_image_src":{"full":false,"thumbnail":false,"medium":false,"medium_large":false,"large":false,"1536x1536":false,"2048x2048":false,"trp-custom-language-flag":false},"uagb_author_info":{"display_name":"prio","author_link":"https:\/\/cyberhack-solutions.com\/en\/author\/prio\/"},"uagb_comment_info":0,"uagb_excerpt":"Objeto del contrato:La contrataci\u00f3n de servicios ofrecidos por CyberHack Solutions se realiza de forma digital mediante solicitud por formulario web o contacto directo. Proceso de contrataci\u00f3n: Formas de pago:Transferencia bancaria, pagos con tarjeta o pasarelas de pago autorizadas. Los precios incluyen impuestos aplicables seg\u00fan la normativa colombiana. Cancelaciones y reembolsos:Los servicios contratados no son reembolsables&hellip;","_links":{"self":[{"href":"https:\/\/cyberhack-solutions.com\/en\/wp-json\/wp\/v2\/pages\/380","targetHints":{"allow":["GET"]}}],"collection":[{"href":"https:\/\/cyberhack-solutions.com\/en\/wp-json\/wp\/v2\/pages"}],"about":[{"href":"https:\/\/cyberhack-solutions.com\/en\/wp-json\/wp\/v2\/types\/page"}],"author":[{"embeddable":true,"href":"https:\/\/cyberhack-solutions.com\/en\/wp-json\/wp\/v2\/users\/1"}],"replies":[{"embeddable":true,"href":"https:\/\/cyberhack-solutions.com\/en\/wp-json\/wp\/v2\/comments?post=380"}],"version-history":[{"count":1,"href":"https:\/\/cyberhack-solutions.com\/en\/wp-json\/wp\/v2\/pages\/380\/revisions"}],"predecessor-version":[{"id":381,"href":"https:\/\/cyberhack-solutions.com\/en\/wp-json\/wp\/v2\/pages\/380\/revisions\/381"}],"wp:attachment":[{"href":"https:\/\/cyberhack-solutions.com\/en\/wp-json\/wp\/v2\/media?parent=380"}],"curies":[{"name":"wp","href":"https:\/\/api.w.org\/{rel}","templated":true}]}}