{"id":470,"date":"2025-07-12T17:23:32","date_gmt":"2025-07-12T15:23:32","guid":{"rendered":"https:\/\/cyberhack-solutions.com\/?page_id=470"},"modified":"2025-07-27T19:17:41","modified_gmt":"2025-07-27T17:17:41","slug":"sso","status":"publish","type":"page","link":"https:\/\/cyberhack-solutions.com\/en\/servicios\/identidades-y-accesos\/sso\/","title":{"rendered":"SSO"},"content":{"rendered":"<div class=\"wp-block-cover alignfull has-parallax\" style=\"min-height:796px;aspect-ratio:unset;\"><div class=\"wp-block-cover__image-background wp-image-749 size-full has-parallax\" style=\"background-position:50% 50%;background-image:url(https:\/\/cyberhack-solutions.com\/wp-content\/uploads\/0bb22fef-36d5-4c82-9af0-64f57730e78a.png)\"><\/div><span aria-hidden=\"true\" class=\"wp-block-cover__background has-background-dim\"><\/span><div class=\"wp-block-cover__inner-container has-global-padding is-layout-constrained wp-block-cover-is-layout-constrained\">\n<p class=\"has-text-align-center has-large-font-size\"><strong>SSO<\/strong><\/p>\n\n\n\n<p class=\"has-text-align-center\" style=\"margin-right:0;margin-left:0\">El servicio de Inicio de Sesi\u00f3n \u00danico (SSO) permite a los usuarios acceder a m\u00faltiples aplicaciones y sistemas con una sola autenticaci\u00f3n, eliminando la necesidad de recordar m\u00faltiples credenciales. Esto mejora la experiencia del usuario y aumenta la seguridad al centralizar el control de acceso y reducir la proliferaci\u00f3n de contrase\u00f1as.<\/p>\n\n\n\n<p class=\"has-text-align-center\" style=\"margin-right:0;margin-left:0\">En CyberHack Solutions, implementamos soluciones SSO adaptadas a la infraestructura local del cliente, integr\u00e1ndolas con directorios corporativos y aplicaciones cr\u00edticas. Nuestro enfoque se basa en protocolos est\u00e1ndar (SAML, OAuth, OpenID Connect) que garantizan interoperabilidad y escalabilidad, facilitando un acceso seguro, sencillo y controlado a todos los recursos de la empresa.<\/p>\n<\/div><\/div>\n\n\n\n<div class=\"wp-block-buttons alignfull is-content-justification-center is-layout-flex wp-container-core-buttons-is-layout-10b1e184 wp-block-buttons-is-layout-flex\" style=\"padding-top:0;padding-right:0;padding-bottom:0;padding-left:var(--wp--preset--spacing--30)\">\n<div class=\"wp-block-button has-custom-width wp-block-button__width-50 is-style-outline is-style-outline--1\"><a class=\"wp-block-button__link has-base-2-color has-text-color has-background has-link-color has-medium-font-size has-custom-font-size wp-element-button\" href=\"https:\/\/cyberhack-solutions.com\/en\/contacto\/\" style=\"background-color:#063063;padding-right:0px;padding-left:0px\">CONT\u00c1CTENOS AHORA<\/a><\/div>\n<\/div>\n\n\n\n<div class=\"wp-block-cover alignfull has-parallax\"><div class=\"wp-block-cover__image-background wp-image-522 size-full has-parallax\" style=\"background-position:50% 50%;background-image:url(https:\/\/cyberhack-solutions.com\/wp-content\/uploads\/af5c7e00-b026-41c6-8d4d-1cf0a7824f18.png)\"><\/div><span aria-hidden=\"true\" class=\"wp-block-cover__background has-background-dim\"><\/span><div class=\"wp-block-cover__inner-container has-global-padding is-layout-constrained wp-block-cover-is-layout-constrained\">\n<div class=\"wp-block-columns alignwide is-layout-flex wp-container-core-columns-is-layout-28f84493 wp-block-columns-is-layout-flex\">\n<div class=\"wp-block-column is-layout-flow wp-block-column-is-layout-flow\">\n<h2 class=\"wp-block-heading has-text-align-center\" style=\"margin-top:var(--wp--preset--spacing--40);margin-bottom:var(--wp--preset--spacing--40)\">Objetivos<\/h2>\n\n\n\n<ul class=\"wp-block-list\">\n<li>Simplificar la gesti\u00f3n de accesos para usuarios y administradores.<\/li>\n\n\n\n<li>Mejorar la seguridad reduciendo el uso y almacenamiento de m\u00faltiples contrase\u00f1as.<\/li>\n\n\n\n<li>Facilitar el cumplimiento normativo mediante control centralizado de autenticaciones.<\/li>\n\n\n\n<li>Incrementar la productividad de los usuarios evitando m\u00faltiples inicios de sesi\u00f3n.<\/li>\n\n\n\n<li>Integrar de forma segura aplicaciones locales y sistemas legacy con soluciones modernas de acceso.<\/li>\n<\/ul>\n<\/div>\n\n\n\n<div class=\"wp-block-column is-layout-flow wp-block-column-is-layout-flow\">\n<figure class=\"wp-block-image aligncenter size-large is-resized\"><img loading=\"lazy\" decoding=\"async\" width=\"1024\" height=\"683\" src=\"http:\/\/cyberhack-solutions.com\/wp-content\/uploads\/17eabcbe-b75d-4f12-baf2-f54c69e89ad1-1024x683.png\" alt=\"\" class=\"wp-image-263\" style=\"width:508px;height:auto\" srcset=\"https:\/\/cyberhack-solutions.com\/wp-content\/uploads\/17eabcbe-b75d-4f12-baf2-f54c69e89ad1-1024x683.png 1024w, https:\/\/cyberhack-solutions.com\/wp-content\/uploads\/17eabcbe-b75d-4f12-baf2-f54c69e89ad1-600x400.png 600w, https:\/\/cyberhack-solutions.com\/wp-content\/uploads\/17eabcbe-b75d-4f12-baf2-f54c69e89ad1-768x512.png 768w, https:\/\/cyberhack-solutions.com\/wp-content\/uploads\/17eabcbe-b75d-4f12-baf2-f54c69e89ad1.png 1536w\" sizes=\"auto, (max-width: 1024px) 100vw, 1024px\" \/><\/figure>\n<\/div>\n<\/div>\n\n\n\n<div class=\"wp-block-columns alignwide is-layout-flex wp-container-core-columns-is-layout-28f84493 wp-block-columns-is-layout-flex\">\n<div class=\"wp-block-column is-layout-flow wp-block-column-is-layout-flow\">\n<figure class=\"wp-block-image size-large is-resized\"><img loading=\"lazy\" decoding=\"async\" width=\"1024\" height=\"683\" src=\"http:\/\/cyberhack-solutions.com\/wp-content\/uploads\/76f43c7a-c1e6-4ba9-a40a-4353f8fb2123-1024x683.png\" alt=\"\" class=\"wp-image-266\" style=\"width:597px;height:auto\" srcset=\"https:\/\/cyberhack-solutions.com\/wp-content\/uploads\/76f43c7a-c1e6-4ba9-a40a-4353f8fb2123-1024x683.png 1024w, https:\/\/cyberhack-solutions.com\/wp-content\/uploads\/76f43c7a-c1e6-4ba9-a40a-4353f8fb2123-600x400.png 600w, https:\/\/cyberhack-solutions.com\/wp-content\/uploads\/76f43c7a-c1e6-4ba9-a40a-4353f8fb2123-768x512.png 768w, https:\/\/cyberhack-solutions.com\/wp-content\/uploads\/76f43c7a-c1e6-4ba9-a40a-4353f8fb2123.png 1536w\" sizes=\"auto, (max-width: 1024px) 100vw, 1024px\" \/><\/figure>\n<\/div>\n\n\n\n<div class=\"wp-block-column is-layout-flow wp-block-column-is-layout-flow\">\n<h2 class=\"wp-block-heading has-text-align-center\" style=\"margin-top:var(--wp--preset--spacing--20);margin-bottom:var(--wp--preset--spacing--20)\">Beneficios<\/h2>\n\n\n\n<ul class=\"wp-block-list\">\n<li>Experiencia de usuario optimizada: Menos fricciones y errores al manejar credenciales.<\/li>\n\n\n\n<li>Reducci\u00f3n de riesgos: Disminuye la exposici\u00f3n a ataques basados en contrase\u00f1as comprometidas.<\/li>\n\n\n\n<li>Centralizaci\u00f3n del control: Permite aplicar pol\u00edticas de acceso uniformes y auditor\u00edas precisas.<\/li>\n\n\n\n<li>Ahorro en costes operativos: Menos solicitudes de soporte para recuperaci\u00f3n de contrase\u00f1as.<\/li>\n\n\n\n<li>Escalabilidad y flexibilidad: Compatible con una amplia variedad de aplicaciones y sistemas.<\/li>\n<\/ul>\n<\/div>\n<\/div>\n\n\n\n<h2 class=\"wp-block-heading alignfull has-text-align-center has-background has-xx-large-font-size\" style=\"background-color:#3399ff\">\u00bfPodemos ayudarle en algo?<\/h2>\n\n\n\n<div class=\"wp-block-buttons alignfull is-content-justification-center is-layout-flex wp-container-core-buttons-is-layout-76de4b3f wp-block-buttons-is-layout-flex\" style=\"padding-top:0;padding-right:0;padding-bottom:0;padding-left:var(--wp--preset--spacing--30)\">\n<div class=\"wp-block-button has-custom-width wp-block-button__width-50 is-style-outline is-style-outline--2\"><a class=\"wp-block-button__link has-background has-medium-font-size has-custom-font-size wp-element-button\" href=\"https:\/\/cyberhack-solutions.com\/en\/contacto\/\" style=\"background-color:#063063;padding-right:0px;padding-left:0px\">CONT\u00c1CTENOS AHORA<\/a><\/div>\n<\/div>\n\n\n\n<hr class=\"wp-block-separator alignfull has-text-color has-base-2-color has-alpha-channel-opacity has-base-2-background-color has-background\"\/>\n\n\n\n<h2 class=\"wp-block-heading has-text-align-center\">Que ofrecemos<\/h2>\n\n\n\n<ul class=\"wp-block-list\">\n<li>An\u00e1lisis del entorno y aplicaciones a integrar con SSO.<\/li>\n\n\n\n<li>Dise\u00f1o e implementaci\u00f3n de arquitectura SSO basada en protocolos est\u00e1ndar.<\/li>\n\n\n\n<li>Integraci\u00f3n con sistemas de directorios locales (Active Directory, LDAP).<\/li>\n\n\n\n<li>Configuraci\u00f3n de pol\u00edticas de acceso y autenticaci\u00f3n adaptadas a perfiles y riesgos.<\/li>\n\n\n\n<li>Capacitaci\u00f3n y documentaci\u00f3n para equipos t\u00e9cnicos y usuarios.<\/li>\n\n\n\n<li>Soporte y mantenimiento para asegurar la continuidad y evoluci\u00f3n del sistema.<\/li>\n<\/ul>\n<\/div><\/div>\n\n\n\n<div class=\"uagb-position__sticky wp-block-uagb-container uagb-block-2677d520 alignfull uagb-is-root-container\"><div class=\"uagb-container-inner-blocks-wrap\">\n<div class=\"wp-block-buttons is-content-justification-right is-layout-flex wp-container-core-buttons-is-layout-d445cf74 wp-block-buttons-is-layout-flex\">\n<div class=\"wp-block-button\"><a class=\"wp-block-button__link has-background wp-element-button\" href=\"https:\/\/cyberhack-solutions.com\/en\/servicios\/identidades-y-accesos\/\" style=\"background-color:#063063\">Volver a identidades y accesos<\/a><\/div>\n<\/div>\n<\/div><\/div>","protected":false},"excerpt":{"rendered":"","protected":false},"author":1,"featured_media":0,"parent":142,"menu_order":0,"comment_status":"closed","ping_status":"closed","template":"page-no-title","meta":{"_uag_custom_page_level_css":"","footnotes":""},"class_list":["post-470","page","type-page","status-publish","hentry"],"uagb_featured_image_src":{"full":false,"thumbnail":false,"medium":false,"medium_large":false,"large":false,"1536x1536":false,"2048x2048":false,"trp-custom-language-flag":false},"uagb_author_info":{"display_name":"prio","author_link":"https:\/\/cyberhack-solutions.com\/en\/author\/prio\/"},"uagb_comment_info":0,"uagb_excerpt":null,"_links":{"self":[{"href":"https:\/\/cyberhack-solutions.com\/en\/wp-json\/wp\/v2\/pages\/470","targetHints":{"allow":["GET"]}}],"collection":[{"href":"https:\/\/cyberhack-solutions.com\/en\/wp-json\/wp\/v2\/pages"}],"about":[{"href":"https:\/\/cyberhack-solutions.com\/en\/wp-json\/wp\/v2\/types\/page"}],"author":[{"embeddable":true,"href":"https:\/\/cyberhack-solutions.com\/en\/wp-json\/wp\/v2\/users\/1"}],"replies":[{"embeddable":true,"href":"https:\/\/cyberhack-solutions.com\/en\/wp-json\/wp\/v2\/comments?post=470"}],"version-history":[{"count":3,"href":"https:\/\/cyberhack-solutions.com\/en\/wp-json\/wp\/v2\/pages\/470\/revisions"}],"predecessor-version":[{"id":826,"href":"https:\/\/cyberhack-solutions.com\/en\/wp-json\/wp\/v2\/pages\/470\/revisions\/826"}],"up":[{"embeddable":true,"href":"https:\/\/cyberhack-solutions.com\/en\/wp-json\/wp\/v2\/pages\/142"}],"wp:attachment":[{"href":"https:\/\/cyberhack-solutions.com\/en\/wp-json\/wp\/v2\/media?parent=470"}],"curies":[{"name":"wp","href":"https:\/\/api.w.org\/{rel}","templated":true}]}}