{"id":486,"date":"2025-07-13T18:15:52","date_gmt":"2025-07-13T16:15:52","guid":{"rendered":"https:\/\/cyberhack-solutions.com\/?page_id=486"},"modified":"2025-07-27T20:29:16","modified_gmt":"2025-07-27T18:29:16","slug":"pentesting","status":"publish","type":"page","link":"https:\/\/cyberhack-solutions.com\/en\/servicios\/seguridad-ofensiva\/pentesting\/","title":{"rendered":"Pentesting"},"content":{"rendered":"<div class=\"wp-block-cover alignfull is-light has-parallax\" style=\"min-height:796px;aspect-ratio:unset;\"><div class=\"wp-block-cover__image-background size-full has-parallax\" style=\"background-position:50% 50%;background-image:url(blob:https:\/\/cyberhack-solutions.com\/f9544eb4-1285-4a94-9094-04244c7c614e)\"><\/div><span aria-hidden=\"true\" class=\"wp-block-cover__background has-background-dim\"><\/span><div class=\"wp-block-cover__inner-container has-global-padding is-layout-constrained wp-block-cover-is-layout-constrained\">\n<p class=\"has-text-align-center has-large-font-size\"><strong>Pentesting<\/strong><\/p>\n\n\n\n<p class=\"has-text-align-center\" style=\"margin-right:0;margin-left:0\">El pentesting o prueba de penetraci\u00f3n es una simulaci\u00f3n controlada de ataques reales contra los sistemas, aplicaciones y redes de una organizaci\u00f3n, con el objetivo de identificar y explotar vulnerabilidades antes que lo hagan los ciberdelincuentes. Este ejercicio permite evaluar el nivel real de seguridad desde la perspectiva de un atacante.<\/p>\n\n\n\n<p class=\"has-text-align-center\" style=\"margin-right:0;margin-left:0\">En CyberHack Solutions, realizamos pentests \u00e9ticos adaptados al contexto del cliente, abarcando desde pruebas externas sobre IPs p\u00fablicas y aplicaciones web, hasta ejercicios internos en la red corporativa. Nos regimos por metodolog\u00edas reconocidas como OWASP, PTES y OSSTMM, entregando informes t\u00e9cnicos y ejecutivos con evidencia clara, riesgos asociados y recomendaciones pr\u00e1cticas de remediaci\u00f3n.<\/p>\n<\/div><\/div>\n\n\n\n<div class=\"wp-block-buttons alignfull is-content-justification-center is-layout-flex wp-container-core-buttons-is-layout-10b1e184 wp-block-buttons-is-layout-flex\" style=\"padding-top:0;padding-right:0;padding-bottom:0;padding-left:var(--wp--preset--spacing--30)\">\n<div class=\"wp-block-button has-custom-width wp-block-button__width-50 is-style-outline is-style-outline--1\"><a class=\"wp-block-button__link has-base-2-color has-text-color has-background has-link-color has-medium-font-size has-custom-font-size wp-element-button\" href=\"https:\/\/cyberhack-solutions.com\/en\/contacto\/\" style=\"background-color:#063063;padding-right:0px;padding-left:0px\">CONT\u00c1CTENOS AHORA<\/a><\/div>\n<\/div>\n\n\n\n<div class=\"wp-block-cover alignfull has-parallax\"><div class=\"wp-block-cover__image-background wp-image-522 size-full has-parallax\" style=\"background-position:50% 50%;background-image:url(https:\/\/cyberhack-solutions.com\/wp-content\/uploads\/af5c7e00-b026-41c6-8d4d-1cf0a7824f18.png)\"><\/div><span aria-hidden=\"true\" class=\"wp-block-cover__background has-background-dim\"><\/span><div class=\"wp-block-cover__inner-container has-global-padding is-layout-constrained wp-block-cover-is-layout-constrained\">\n<div class=\"wp-block-columns alignwide is-layout-flex wp-container-core-columns-is-layout-28f84493 wp-block-columns-is-layout-flex\">\n<div class=\"wp-block-column is-layout-flow wp-block-column-is-layout-flow\">\n<h2 class=\"wp-block-heading has-text-align-center\" style=\"margin-top:var(--wp--preset--spacing--40);margin-bottom:var(--wp--preset--spacing--40)\">Objetivos<\/h2>\n\n\n\n<ul class=\"wp-block-list\">\n<li>Identificar vulnerabilidades t\u00e9cnicas explotables en infraestructuras, aplicaciones o dispositivos.<\/li>\n\n\n\n<li>Evaluar la resiliencia de los sistemas frente a ataques reales, internos o externos.<\/li>\n\n\n\n<li>Medir el impacto potencial de una brecha de seguridad antes de que ocurra.<\/li>\n\n\n\n<li>Proporcionar una base s\u00f3lida para planes de mejora continua de ciberseguridad.<\/li>\n\n\n\n<li>Cumplir con normativas que exigen pruebas peri\u00f3dicas de seguridad como ISO 27001, PCI-DSS, entre otras.<\/li>\n<\/ul>\n<\/div>\n\n\n\n<div class=\"wp-block-column is-layout-flow wp-block-column-is-layout-flow\">\n<figure class=\"wp-block-image aligncenter size-large is-resized\"><img loading=\"lazy\" decoding=\"async\" width=\"1024\" height=\"683\" src=\"http:\/\/cyberhack-solutions.com\/wp-content\/uploads\/17eabcbe-b75d-4f12-baf2-f54c69e89ad1-1024x683.png\" alt=\"\" class=\"wp-image-263\" style=\"width:508px;height:auto\" srcset=\"https:\/\/cyberhack-solutions.com\/wp-content\/uploads\/17eabcbe-b75d-4f12-baf2-f54c69e89ad1-1024x683.png 1024w, https:\/\/cyberhack-solutions.com\/wp-content\/uploads\/17eabcbe-b75d-4f12-baf2-f54c69e89ad1-600x400.png 600w, https:\/\/cyberhack-solutions.com\/wp-content\/uploads\/17eabcbe-b75d-4f12-baf2-f54c69e89ad1-768x512.png 768w, https:\/\/cyberhack-solutions.com\/wp-content\/uploads\/17eabcbe-b75d-4f12-baf2-f54c69e89ad1.png 1536w\" sizes=\"auto, (max-width: 1024px) 100vw, 1024px\" \/><\/figure>\n<\/div>\n<\/div>\n\n\n\n<div class=\"wp-block-columns alignwide is-layout-flex wp-container-core-columns-is-layout-28f84493 wp-block-columns-is-layout-flex\">\n<div class=\"wp-block-column is-layout-flow wp-block-column-is-layout-flow\">\n<figure class=\"wp-block-image size-large is-resized\"><img loading=\"lazy\" decoding=\"async\" width=\"1024\" height=\"683\" src=\"http:\/\/cyberhack-solutions.com\/wp-content\/uploads\/76f43c7a-c1e6-4ba9-a40a-4353f8fb2123-1024x683.png\" alt=\"\" class=\"wp-image-266\" style=\"width:597px;height:auto\" srcset=\"https:\/\/cyberhack-solutions.com\/wp-content\/uploads\/76f43c7a-c1e6-4ba9-a40a-4353f8fb2123-1024x683.png 1024w, https:\/\/cyberhack-solutions.com\/wp-content\/uploads\/76f43c7a-c1e6-4ba9-a40a-4353f8fb2123-600x400.png 600w, https:\/\/cyberhack-solutions.com\/wp-content\/uploads\/76f43c7a-c1e6-4ba9-a40a-4353f8fb2123-768x512.png 768w, https:\/\/cyberhack-solutions.com\/wp-content\/uploads\/76f43c7a-c1e6-4ba9-a40a-4353f8fb2123.png 1536w\" sizes=\"auto, (max-width: 1024px) 100vw, 1024px\" \/><\/figure>\n<\/div>\n\n\n\n<div class=\"wp-block-column is-layout-flow wp-block-column-is-layout-flow\">\n<h2 class=\"wp-block-heading has-text-align-center\" style=\"margin-top:var(--wp--preset--spacing--20);margin-bottom:var(--wp--preset--spacing--20)\">Beneficios<\/h2>\n\n\n\n<ul class=\"wp-block-list\">\n<li>Visi\u00f3n realista del nivel de seguridad: Saber c\u00f3mo reaccionar\u00edan sus sistemas ante un ataque real.<\/li>\n\n\n\n<li>Detecci\u00f3n proactiva de fallos: Identificaci\u00f3n de vulnerabilidades que podr\u00edan pasar desapercibidas en auditor\u00edas autom\u00e1ticas.<\/li>\n\n\n\n<li>Ahorro a largo plazo: Evitar una brecha grave es m\u00e1s econ\u00f3mico que recuperarse de una.<\/li>\n\n\n\n<li>Mejora de la postura de seguridad: Se refuerzan los puntos d\u00e9biles identificados, aumentando la resistencia global.<\/li>\n\n\n\n<li>Justificaci\u00f3n ante auditor\u00edas: Demuestra el compromiso con la seguridad ante clientes, socios e inspectores.<\/li>\n<\/ul>\n<\/div>\n<\/div>\n\n\n\n<h2 class=\"wp-block-heading alignfull has-text-align-center has-background has-xx-large-font-size\" style=\"background-color:#3399ff\">\u00bfPodemos ayudarle en algo?<\/h2>\n\n\n\n<div class=\"wp-block-buttons alignfull is-content-justification-center is-layout-flex wp-container-core-buttons-is-layout-76de4b3f wp-block-buttons-is-layout-flex\" style=\"padding-top:0;padding-right:0;padding-bottom:0;padding-left:var(--wp--preset--spacing--30)\">\n<div class=\"wp-block-button has-custom-width wp-block-button__width-50 is-style-outline is-style-outline--2\"><a class=\"wp-block-button__link has-background has-medium-font-size has-custom-font-size wp-element-button\" href=\"https:\/\/cyberhack-solutions.com\/en\/contacto\/\" style=\"background-color:#063063;padding-right:0px;padding-left:0px\">CONT\u00c1CTENOS AHORA<\/a><\/div>\n<\/div>\n\n\n\n<hr class=\"wp-block-separator alignfull has-text-color has-base-2-color has-alpha-channel-opacity has-base-2-background-color has-background\"\/>\n\n\n\n<h2 class=\"wp-block-heading has-text-align-center\">Que ofrecemos<\/h2>\n\n\n\n<ul class=\"wp-block-list\">\n<li>Pentesting externo (black box, grey box o white box) contra infraestructuras expuestas en Internet.<\/li>\n\n\n\n<li>Pentesting interno sobre redes corporativas, estaciones de trabajo, servidores y sistemas cr\u00edticos.<\/li>\n\n\n\n<li>Pruebas de aplicaciones web, APIs, dispositivos IoT y entornos m\u00f3viles.<\/li>\n\n\n\n<li>An\u00e1lisis de configuraciones err\u00f3neas y explotaci\u00f3n controlada de vulnerabilidades reales.<\/li>\n\n\n\n<li>Informes t\u00e9cnicos detallados con evidencia de explotaci\u00f3n, vectores utilizados y remediaciones.<\/li>\n\n\n\n<li>Informe ejecutivo comprensible para direcci\u00f3n, con m\u00e9tricas de riesgo y plan de acci\u00f3n recomendado.<\/li>\n\n\n\n<li>Re-test posterior para verificar que las vulnerabilidades hayan sido solucionadas correctamente.<\/li>\n<\/ul>\n<\/div><\/div>\n\n\n\n<div class=\"uagb-position__sticky wp-block-uagb-container uagb-block-2677d520 alignfull uagb-is-root-container\"><div class=\"uagb-container-inner-blocks-wrap\">\n<div class=\"wp-block-buttons is-content-justification-right is-layout-flex wp-container-core-buttons-is-layout-d445cf74 wp-block-buttons-is-layout-flex\">\n<div class=\"wp-block-button\"><a class=\"wp-block-button__link has-background wp-element-button\" href=\"https:\/\/cyberhack-solutions.com\/en\/servicios\/seguridad-ofensiva\/\" style=\"background-color:#063063\">Volver a Red Team<\/a><\/div>\n<\/div>\n<\/div><\/div>","protected":false},"excerpt":{"rendered":"","protected":false},"author":1,"featured_media":0,"parent":28,"menu_order":0,"comment_status":"closed","ping_status":"closed","template":"page-no-title","meta":{"_uag_custom_page_level_css":"","footnotes":""},"class_list":["post-486","page","type-page","status-publish","hentry"],"uagb_featured_image_src":{"full":false,"thumbnail":false,"medium":false,"medium_large":false,"large":false,"1536x1536":false,"2048x2048":false,"trp-custom-language-flag":false},"uagb_author_info":{"display_name":"prio","author_link":"https:\/\/cyberhack-solutions.com\/en\/author\/prio\/"},"uagb_comment_info":0,"uagb_excerpt":null,"_links":{"self":[{"href":"https:\/\/cyberhack-solutions.com\/en\/wp-json\/wp\/v2\/pages\/486","targetHints":{"allow":["GET"]}}],"collection":[{"href":"https:\/\/cyberhack-solutions.com\/en\/wp-json\/wp\/v2\/pages"}],"about":[{"href":"https:\/\/cyberhack-solutions.com\/en\/wp-json\/wp\/v2\/types\/page"}],"author":[{"embeddable":true,"href":"https:\/\/cyberhack-solutions.com\/en\/wp-json\/wp\/v2\/users\/1"}],"replies":[{"embeddable":true,"href":"https:\/\/cyberhack-solutions.com\/en\/wp-json\/wp\/v2\/comments?post=486"}],"version-history":[{"count":3,"href":"https:\/\/cyberhack-solutions.com\/en\/wp-json\/wp\/v2\/pages\/486\/revisions"}],"predecessor-version":[{"id":854,"href":"https:\/\/cyberhack-solutions.com\/en\/wp-json\/wp\/v2\/pages\/486\/revisions\/854"}],"up":[{"embeddable":true,"href":"https:\/\/cyberhack-solutions.com\/en\/wp-json\/wp\/v2\/pages\/28"}],"wp:attachment":[{"href":"https:\/\/cyberhack-solutions.com\/en\/wp-json\/wp\/v2\/media?parent=486"}],"curies":[{"name":"wp","href":"https:\/\/api.w.org\/{rel}","templated":true}]}}