{"id":489,"date":"2025-07-13T18:16:05","date_gmt":"2025-07-13T16:16:05","guid":{"rendered":"https:\/\/cyberhack-solutions.com\/?page_id=489"},"modified":"2025-07-27T20:42:42","modified_gmt":"2025-07-27T18:42:42","slug":"revision-de-codigo","status":"publish","type":"page","link":"https:\/\/cyberhack-solutions.com\/en\/servicios\/seguridad-ofensiva\/revision-de-codigo\/","title":{"rendered":"Revisi\u00f3n de c\u00f3digo"},"content":{"rendered":"<div class=\"wp-block-cover alignfull is-light has-parallax\" style=\"min-height:796px;aspect-ratio:unset;\"><div class=\"wp-block-cover__image-background size-full has-parallax\" style=\"background-position:50% 50%;background-image:url(blob:https:\/\/cyberhack-solutions.com\/f9544eb4-1285-4a94-9094-04244c7c614e)\"><\/div><span aria-hidden=\"true\" class=\"wp-block-cover__background has-background-dim\"><\/span><div class=\"wp-block-cover__inner-container has-global-padding is-layout-constrained wp-block-cover-is-layout-constrained\">\n<p class=\"has-text-align-center has-large-font-size\"><strong>Revisi\u00f3n de c\u00f3digo<\/strong><\/p>\n\n\n\n<p class=\"has-text-align-center\" style=\"margin-right:0;margin-left:0\">La revisi\u00f3n de c\u00f3digo es una fase cr\u00edtica para garantizar que las aplicaciones desarrolladas internamente o por terceros no contengan errores de seguridad, malas pr\u00e1cticas o vulnerabilidades explotables.<\/p>\n\n\n\n<p class=\"has-text-align-center\" style=\"margin-right:0;margin-left:0\">En CyberHack Solutions, integramos herramientas avanzadas de an\u00e1lisis est\u00e1tico y din\u00e1mico, potenciadas por inteligencia artificial, para realizar revisiones profundas, automatizadas y contextualizadas del c\u00f3digo fuente. La IA permite identificar patrones inseguros m\u00e1s all\u00e1 de las reglas tradicionales, detectar l\u00f3gica vulnerable, predecir posibles puntos de explotaci\u00f3n y sugerir correcciones optimizadas seg\u00fan el lenguaje, el framework y el entorno del proyecto. Nuestro equipo complementa esta revisi\u00f3n automatizada con un an\u00e1lisis manual experto para asegurar la m\u00e1xima cobertura y precisi\u00f3n.<\/p>\n<\/div><\/div>\n\n\n\n<div class=\"wp-block-buttons alignfull is-content-justification-center is-layout-flex wp-container-core-buttons-is-layout-10b1e184 wp-block-buttons-is-layout-flex\" style=\"padding-top:0;padding-right:0;padding-bottom:0;padding-left:var(--wp--preset--spacing--30)\">\n<div class=\"wp-block-button has-custom-width wp-block-button__width-50 is-style-outline is-style-outline--1\"><a class=\"wp-block-button__link has-base-2-color has-text-color has-background has-link-color has-medium-font-size has-custom-font-size wp-element-button\" href=\"https:\/\/cyberhack-solutions.com\/en\/contacto\/\" style=\"background-color:#063063;padding-right:0px;padding-left:0px\">CONT\u00c1CTENOS AHORA<\/a><\/div>\n<\/div>\n\n\n\n<div class=\"wp-block-cover alignfull has-parallax\"><div class=\"wp-block-cover__image-background wp-image-522 size-full has-parallax\" style=\"background-position:50% 50%;background-image:url(https:\/\/cyberhack-solutions.com\/wp-content\/uploads\/af5c7e00-b026-41c6-8d4d-1cf0a7824f18.png)\"><\/div><span aria-hidden=\"true\" class=\"wp-block-cover__background has-background-dim\"><\/span><div class=\"wp-block-cover__inner-container has-global-padding is-layout-constrained wp-block-cover-is-layout-constrained\">\n<div class=\"wp-block-columns alignwide is-layout-flex wp-container-core-columns-is-layout-28f84493 wp-block-columns-is-layout-flex\">\n<div class=\"wp-block-column is-layout-flow wp-block-column-is-layout-flow\">\n<h2 class=\"wp-block-heading has-text-align-center\" style=\"margin-top:var(--wp--preset--spacing--40);margin-bottom:var(--wp--preset--spacing--40)\">Objetivos<\/h2>\n\n\n\n<ul class=\"wp-block-list\">\n<li>Identificar vulnerabilidades de seguridad en el c\u00f3digo antes de que lleguen a producci\u00f3n.<\/li>\n\n\n\n<li>Asegurar que el c\u00f3digo sigue las mejores pr\u00e1cticas de desarrollo seguro (OWASP, CWE, etc.).<\/li>\n\n\n\n<li>Reducir la superficie de ataque desde la base del software.<\/li>\n\n\n\n<li>Detectar puertas traseras, errores l\u00f3gicos o funciones mal implementadas.<\/li>\n\n\n\n<li>Acelerar los procesos de revisi\u00f3n mediante herramientas IA sin perder calidad.<\/li>\n<\/ul>\n<\/div>\n\n\n\n<div class=\"wp-block-column is-layout-flow wp-block-column-is-layout-flow\">\n<figure class=\"wp-block-image aligncenter size-large is-resized\"><img loading=\"lazy\" decoding=\"async\" width=\"1024\" height=\"683\" src=\"http:\/\/cyberhack-solutions.com\/wp-content\/uploads\/17eabcbe-b75d-4f12-baf2-f54c69e89ad1-1024x683.png\" alt=\"\" class=\"wp-image-263\" style=\"width:508px;height:auto\" srcset=\"https:\/\/cyberhack-solutions.com\/wp-content\/uploads\/17eabcbe-b75d-4f12-baf2-f54c69e89ad1-1024x683.png 1024w, https:\/\/cyberhack-solutions.com\/wp-content\/uploads\/17eabcbe-b75d-4f12-baf2-f54c69e89ad1-600x400.png 600w, https:\/\/cyberhack-solutions.com\/wp-content\/uploads\/17eabcbe-b75d-4f12-baf2-f54c69e89ad1-768x512.png 768w, https:\/\/cyberhack-solutions.com\/wp-content\/uploads\/17eabcbe-b75d-4f12-baf2-f54c69e89ad1.png 1536w\" sizes=\"auto, (max-width: 1024px) 100vw, 1024px\" \/><\/figure>\n<\/div>\n<\/div>\n\n\n\n<div class=\"wp-block-columns alignwide is-layout-flex wp-container-core-columns-is-layout-28f84493 wp-block-columns-is-layout-flex\">\n<div class=\"wp-block-column is-layout-flow wp-block-column-is-layout-flow\">\n<figure class=\"wp-block-image size-large is-resized\"><img loading=\"lazy\" decoding=\"async\" width=\"1024\" height=\"683\" src=\"http:\/\/cyberhack-solutions.com\/wp-content\/uploads\/76f43c7a-c1e6-4ba9-a40a-4353f8fb2123-1024x683.png\" alt=\"\" class=\"wp-image-266\" style=\"width:597px;height:auto\" srcset=\"https:\/\/cyberhack-solutions.com\/wp-content\/uploads\/76f43c7a-c1e6-4ba9-a40a-4353f8fb2123-1024x683.png 1024w, https:\/\/cyberhack-solutions.com\/wp-content\/uploads\/76f43c7a-c1e6-4ba9-a40a-4353f8fb2123-600x400.png 600w, https:\/\/cyberhack-solutions.com\/wp-content\/uploads\/76f43c7a-c1e6-4ba9-a40a-4353f8fb2123-768x512.png 768w, https:\/\/cyberhack-solutions.com\/wp-content\/uploads\/76f43c7a-c1e6-4ba9-a40a-4353f8fb2123.png 1536w\" sizes=\"auto, (max-width: 1024px) 100vw, 1024px\" \/><\/figure>\n<\/div>\n\n\n\n<div class=\"wp-block-column is-layout-flow wp-block-column-is-layout-flow\">\n<h2 class=\"wp-block-heading has-text-align-center\" style=\"margin-top:var(--wp--preset--spacing--20);margin-bottom:var(--wp--preset--spacing--20)\">Beneficios<\/h2>\n\n\n\n<ul class=\"wp-block-list\">\n<li>Detecci\u00f3n proactiva: Previene vulnerabilidades antes de que sean explotables en entornos reales.<\/li>\n\n\n\n<li>Cobertura profunda y r\u00e1pida: La IA analiza grandes vol\u00famenes de c\u00f3digo en minutos, detectando patrones complejos.<\/li>\n\n\n\n<li>Reducci\u00f3n de costes a largo plazo: Corregir errores en fase de desarrollo es mucho m\u00e1s econ\u00f3mico que tras un incidente.<\/li>\n\n\n\n<li>Aumento de la calidad del software: Las recomendaciones no solo son seguras, sino tambi\u00e9n orientadas a optimizar el rendimiento.<\/li>\n\n\n\n<li>Adaptaci\u00f3n a m\u00faltiples lenguajes y entornos: Compatible con Java, Python, JavaScript, C\/C++, PHP, .NET, entre otros.<\/li>\n<\/ul>\n<\/div>\n<\/div>\n\n\n\n<h2 class=\"wp-block-heading alignfull has-text-align-center has-background has-xx-large-font-size\" style=\"background-color:#3399ff\">\u00bfPodemos ayudarle en algo?<\/h2>\n\n\n\n<div class=\"wp-block-buttons alignfull is-content-justification-center is-layout-flex wp-container-core-buttons-is-layout-76de4b3f wp-block-buttons-is-layout-flex\" style=\"padding-top:0;padding-right:0;padding-bottom:0;padding-left:var(--wp--preset--spacing--30)\">\n<div class=\"wp-block-button has-custom-width wp-block-button__width-50 is-style-outline is-style-outline--2\"><a class=\"wp-block-button__link has-background has-medium-font-size has-custom-font-size wp-element-button\" href=\"https:\/\/cyberhack-solutions.com\/en\/contacto\/\" style=\"background-color:#063063;padding-right:0px;padding-left:0px\">CONT\u00c1CTENOS AHORA<\/a><\/div>\n<\/div>\n\n\n\n<hr class=\"wp-block-separator alignfull has-text-color has-base-2-color has-alpha-channel-opacity has-base-2-background-color has-background\"\/>\n\n\n\n<h2 class=\"wp-block-heading has-text-align-center\">Que ofrecemos<\/h2>\n\n\n\n<ul class=\"wp-block-list\">\n<li>Integraci\u00f3n de herramientas IA para an\u00e1lisis est\u00e1tico (SAST) y din\u00e1mico (DAST).<\/li>\n\n\n\n<li>Detecci\u00f3n automatizada de vulnerabilidades basadas en aprendizaje autom\u00e1tico y bases de datos de amenazas actualizadas.<\/li>\n\n\n\n<li>Sugerencias de refactorizaci\u00f3n segura y revisi\u00f3n sem\u00e1ntica del c\u00f3digo.<\/li>\n\n\n\n<li>Prioridad de riesgos seg\u00fan la exposici\u00f3n, el impacto y la frecuencia de errores en entornos similares.<\/li>\n\n\n\n<li>Generaci\u00f3n de informes t\u00e9cnicos y ejecutivos con mapas de riesgo detallados.<\/li>\n<\/ul>\n<\/div><\/div>\n\n\n\n<div class=\"uagb-position__sticky wp-block-uagb-container uagb-block-2677d520 alignfull uagb-is-root-container\"><div class=\"uagb-container-inner-blocks-wrap\">\n<div class=\"wp-block-buttons is-content-justification-right is-layout-flex wp-container-core-buttons-is-layout-d445cf74 wp-block-buttons-is-layout-flex\">\n<div class=\"wp-block-button\"><a class=\"wp-block-button__link has-background wp-element-button\" href=\"https:\/\/cyberhack-solutions.com\/en\/servicios\/seguridad-ofensiva\/\" style=\"background-color:#063063\">Volver a Red Team<\/a><\/div>\n<\/div>\n<\/div><\/div>","protected":false},"excerpt":{"rendered":"","protected":false},"author":1,"featured_media":0,"parent":28,"menu_order":0,"comment_status":"closed","ping_status":"closed","template":"page-no-title","meta":{"_uag_custom_page_level_css":"","footnotes":""},"class_list":["post-489","page","type-page","status-publish","hentry"],"uagb_featured_image_src":{"full":false,"thumbnail":false,"medium":false,"medium_large":false,"large":false,"1536x1536":false,"2048x2048":false,"trp-custom-language-flag":false},"uagb_author_info":{"display_name":"prio","author_link":"https:\/\/cyberhack-solutions.com\/en\/author\/prio\/"},"uagb_comment_info":0,"uagb_excerpt":null,"_links":{"self":[{"href":"https:\/\/cyberhack-solutions.com\/en\/wp-json\/wp\/v2\/pages\/489","targetHints":{"allow":["GET"]}}],"collection":[{"href":"https:\/\/cyberhack-solutions.com\/en\/wp-json\/wp\/v2\/pages"}],"about":[{"href":"https:\/\/cyberhack-solutions.com\/en\/wp-json\/wp\/v2\/types\/page"}],"author":[{"embeddable":true,"href":"https:\/\/cyberhack-solutions.com\/en\/wp-json\/wp\/v2\/users\/1"}],"replies":[{"embeddable":true,"href":"https:\/\/cyberhack-solutions.com\/en\/wp-json\/wp\/v2\/comments?post=489"}],"version-history":[{"count":3,"href":"https:\/\/cyberhack-solutions.com\/en\/wp-json\/wp\/v2\/pages\/489\/revisions"}],"predecessor-version":[{"id":858,"href":"https:\/\/cyberhack-solutions.com\/en\/wp-json\/wp\/v2\/pages\/489\/revisions\/858"}],"up":[{"embeddable":true,"href":"https:\/\/cyberhack-solutions.com\/en\/wp-json\/wp\/v2\/pages\/28"}],"wp:attachment":[{"href":"https:\/\/cyberhack-solutions.com\/en\/wp-json\/wp\/v2\/media?parent=489"}],"curies":[{"name":"wp","href":"https:\/\/api.w.org\/{rel}","templated":true}]}}