{"id":502,"date":"2025-07-13T18:19:14","date_gmt":"2025-07-13T16:19:14","guid":{"rendered":"https:\/\/cyberhack-solutions.com\/?page_id=502"},"modified":"2025-12-09T08:10:50","modified_gmt":"2025-12-09T07:10:50","slug":"revision-de-configuraciones-en-servicios-cloud","status":"publish","type":"page","link":"https:\/\/cyberhack-solutions.com\/en\/servicios\/seguridad-en-la-nube\/revision-de-configuraciones-en-servicios-cloud\/","title":{"rendered":"Revisi\u00f3n de configuraciones en servicios cloud"},"content":{"rendered":"<div class=\"wp-block-cover alignfull has-parallax\" style=\"min-height:796px;aspect-ratio:unset;\"><div class=\"wp-block-cover__image-background wp-image-771 size-full has-parallax\" style=\"background-position:50% 50%;background-image:url(https:\/\/cyberhack-solutions.com\/wp-content\/uploads\/5e258318-ed41-43b1-8f3f-95b1d8c3e5ef.png)\"><\/div><span aria-hidden=\"true\" class=\"wp-block-cover__background has-background-dim\"><\/span><div class=\"wp-block-cover__inner-container has-global-padding is-layout-constrained wp-block-cover-is-layout-constrained\">\n<p class=\"has-text-align-center has-large-font-size\"><strong>Revisi\u00f3n de configuraciones en servicios cloud<\/strong><\/p>\n\n\n\n<p class=\"has-text-align-center\" style=\"margin-right:0;margin-left:0\">En los entornos en la nube, una configuraci\u00f3n incorrecta puede exponer datos sensibles, abrir puertas a ciberataques o incumplir normativas. La revisi\u00f3n de configuraciones es un servicio esencial que consiste en auditar y analizar los ajustes de seguridad de los servicios cloud utilizados por la organizaci\u00f3n, ya sean de infraestructura (IaaS), plataforma (PaaS) o software (SaaS).<\/p>\n\n\n\n<p class=\"has-text-align-center\" style=\"margin-right:0;margin-left:0\">En CyberHack Solutions, evaluamos minuciosamente los par\u00e1metros de seguridad de servicios como Amazon Web Services (AWS), Microsoft Azure y Google Cloud Platform (GCP), as\u00ed como herramientas SaaS como Microsoft 365, Dropbox o Salesforce. Utilizamos inteligencia artificial para identificar desviaciones, errores de configuraci\u00f3n y riesgos potenciales, ofreciendo recomendaciones concretas y automatizadas para mejorar la postura de seguridad cloud.<\/p>\n<\/div><\/div>\n\n\n\n<div class=\"wp-block-buttons alignfull is-content-justification-center is-layout-flex wp-container-core-buttons-is-layout-10b1e184 wp-block-buttons-is-layout-flex\" style=\"padding-top:0;padding-right:0;padding-bottom:0;padding-left:var(--wp--preset--spacing--30)\">\n<div class=\"wp-block-button has-custom-width wp-block-button__width-50 is-style-outline is-style-outline--1\"><a class=\"wp-block-button__link has-base-2-color has-text-color has-background has-link-color has-medium-font-size has-custom-font-size wp-element-button\" href=\"https:\/\/cyberhack-solutions.com\/en\/contacto\/\" style=\"background-color:#063063;padding-right:0px;padding-left:0px\">CONT\u00c1CTENOS AHORA<\/a><\/div>\n<\/div>\n\n\n\n<div class=\"wp-block-cover alignfull has-parallax\"><div class=\"wp-block-cover__image-background wp-image-522 size-full has-parallax\" style=\"background-position:50% 50%;background-image:url(https:\/\/cyberhack-solutions.com\/wp-content\/uploads\/af5c7e00-b026-41c6-8d4d-1cf0a7824f18.png)\"><\/div><span aria-hidden=\"true\" class=\"wp-block-cover__background has-background-dim\"><\/span><div class=\"wp-block-cover__inner-container has-global-padding is-layout-constrained wp-block-cover-is-layout-constrained\">\n<div class=\"wp-block-columns alignwide is-layout-flex wp-container-core-columns-is-layout-28f84493 wp-block-columns-is-layout-flex\">\n<div class=\"wp-block-column is-layout-flow wp-block-column-is-layout-flow\">\n<h2 class=\"wp-block-heading has-text-align-center\" style=\"margin-top:var(--wp--preset--spacing--40);margin-bottom:var(--wp--preset--spacing--40)\">Objetivos<\/h2>\n\n\n\n<ul class=\"wp-block-list\">\n<li>Detectar configuraciones err\u00f3neas o inseguras que puedan exponer la organizaci\u00f3n a amenazas.<\/li>\n\n\n\n<li>Evaluar el cumplimiento de buenas pr\u00e1cticas y marcos como CIS Benchmarks o NIST.<\/li>\n\n\n\n<li>Identificar accesos indebidos, permisos excesivos y recursos mal protegidos.<\/li>\n\n\n\n<li>Establecer pol\u00edticas de seguridad coherentes y replicables en todos los entornos cloud.<\/li>\n\n\n\n<li>Automatizar la supervisi\u00f3n continua de las configuraciones cr\u00edticas.<\/li>\n<\/ul>\n<\/div>\n\n\n\n<div class=\"wp-block-column is-layout-flow wp-block-column-is-layout-flow\">\n<figure class=\"wp-block-image aligncenter size-large is-resized\"><img loading=\"lazy\" decoding=\"async\" width=\"1024\" height=\"683\" src=\"http:\/\/cyberhack-solutions.com\/wp-content\/uploads\/17eabcbe-b75d-4f12-baf2-f54c69e89ad1-1024x683.png\" alt=\"\" class=\"wp-image-263\" style=\"width:508px;height:auto\" srcset=\"https:\/\/cyberhack-solutions.com\/wp-content\/uploads\/17eabcbe-b75d-4f12-baf2-f54c69e89ad1-1024x683.png 1024w, https:\/\/cyberhack-solutions.com\/wp-content\/uploads\/17eabcbe-b75d-4f12-baf2-f54c69e89ad1-600x400.png 600w, https:\/\/cyberhack-solutions.com\/wp-content\/uploads\/17eabcbe-b75d-4f12-baf2-f54c69e89ad1-768x512.png 768w, https:\/\/cyberhack-solutions.com\/wp-content\/uploads\/17eabcbe-b75d-4f12-baf2-f54c69e89ad1.png 1536w\" sizes=\"auto, (max-width: 1024px) 100vw, 1024px\" \/><\/figure>\n<\/div>\n<\/div>\n\n\n\n<div class=\"wp-block-columns alignwide is-layout-flex wp-container-core-columns-is-layout-28f84493 wp-block-columns-is-layout-flex\">\n<div class=\"wp-block-column is-layout-flow wp-block-column-is-layout-flow\">\n<figure class=\"wp-block-image size-large is-resized\"><img loading=\"lazy\" decoding=\"async\" width=\"1024\" height=\"683\" src=\"http:\/\/cyberhack-solutions.com\/wp-content\/uploads\/76f43c7a-c1e6-4ba9-a40a-4353f8fb2123-1024x683.png\" alt=\"\" class=\"wp-image-266\" style=\"width:597px;height:auto\" srcset=\"https:\/\/cyberhack-solutions.com\/wp-content\/uploads\/76f43c7a-c1e6-4ba9-a40a-4353f8fb2123-1024x683.png 1024w, https:\/\/cyberhack-solutions.com\/wp-content\/uploads\/76f43c7a-c1e6-4ba9-a40a-4353f8fb2123-600x400.png 600w, https:\/\/cyberhack-solutions.com\/wp-content\/uploads\/76f43c7a-c1e6-4ba9-a40a-4353f8fb2123-768x512.png 768w, https:\/\/cyberhack-solutions.com\/wp-content\/uploads\/76f43c7a-c1e6-4ba9-a40a-4353f8fb2123.png 1536w\" sizes=\"auto, (max-width: 1024px) 100vw, 1024px\" \/><\/figure>\n<\/div>\n\n\n\n<div class=\"wp-block-column is-layout-flow wp-block-column-is-layout-flow\">\n<h2 class=\"wp-block-heading has-text-align-center\" style=\"margin-top:var(--wp--preset--spacing--20);margin-bottom:var(--wp--preset--spacing--20)\">Beneficios<\/h2>\n\n\n\n<ul class=\"wp-block-list\">\n<li>Reducci\u00f3n del riesgo de exposici\u00f3n de datos: Corrige configuraciones que podr\u00edan dejar servicios accesibles p\u00fablicamente.<\/li>\n\n\n\n<li>Cumplimiento normativo: Alineaci\u00f3n con est\u00e1ndares como ISO 27017, GDPR, NIS2 o HIPAA.<\/li>\n\n\n\n<li>Visibilidad y control centralizado: Se obtiene una imagen clara del estado de seguridad de cada servicio cloud.<\/li>\n\n\n\n<li>Prevenci\u00f3n proactiva: Identificaci\u00f3n de amenazas antes de que se materialicen mediante an\u00e1lisis inteligentes.<\/li>\n\n\n\n<li>Optimizaci\u00f3n de recursos: Eliminaci\u00f3n de configuraciones innecesarias que consumen recursos o complican la gesti\u00f3n.<\/li>\n<\/ul>\n<\/div>\n<\/div>\n\n\n\n<h2 class=\"wp-block-heading alignfull has-text-align-center has-background has-xx-large-font-size\" style=\"background-color:#3399ff\">\u00bfPodemos ayudarle en algo?<\/h2>\n\n\n\n<div class=\"wp-block-buttons alignfull is-content-justification-center is-layout-flex wp-container-core-buttons-is-layout-76de4b3f wp-block-buttons-is-layout-flex\" style=\"padding-top:0;padding-right:0;padding-bottom:0;padding-left:var(--wp--preset--spacing--30)\">\n<div class=\"wp-block-button has-custom-width wp-block-button__width-50 is-style-outline is-style-outline--2\"><a class=\"wp-block-button__link has-background has-medium-font-size has-custom-font-size wp-element-button\" href=\"https:\/\/cyberhack-solutions.com\/en\/contacto\/\" style=\"background-color:#063063;padding-right:0px;padding-left:0px\">CONT\u00c1CTENOS AHORA<\/a><\/div>\n<\/div>\n\n\n\n<hr class=\"wp-block-separator alignfull has-text-color has-base-2-color has-alpha-channel-opacity has-base-2-background-color has-background\"\/>\n\n\n\n<h2 class=\"wp-block-heading has-text-align-center\">Que ofrecemos<\/h2>\n\n\n\n<ul class=\"wp-block-list\">\n<li>Auditor\u00eda completa de configuraciones de servicios en la nube p\u00fablica y privada.<\/li>\n\n\n\n<li>An\u00e1lisis automatizado mediante herramientas de IA que detectan errores y malas pr\u00e1cticas.<\/li>\n\n\n\n<li>Informe detallado de hallazgos con recomendaciones clasificadas por criticidad.<\/li>\n\n\n\n<li>Asesoramiento t\u00e9cnico para la remediaci\u00f3n segura y eficiente de los problemas encontrados.<\/li>\n\n\n\n<li>Integraci\u00f3n de controles de seguridad en pipelines DevOps para prevenir futuras desviaciones.<\/li>\n\n\n\n<li>Supervisi\u00f3n continua opcional para detecci\u00f3n temprana de cambios inseguros.<\/li>\n<\/ul>\n<\/div><\/div>\n\n\n\n<div class=\"uagb-position__sticky wp-block-uagb-container uagb-block-2677d520 alignfull uagb-is-root-container\"><div class=\"uagb-container-inner-blocks-wrap\">\n<div class=\"wp-block-buttons is-content-justification-right is-layout-flex wp-container-core-buttons-is-layout-d445cf74 wp-block-buttons-is-layout-flex\">\n<div class=\"wp-block-button\"><a class=\"wp-block-button__link has-background wp-element-button\" href=\"https:\/\/cyberhack-solutions.com\/en\/servicios\/seguridad-en-la-nube\/\" style=\"background-color:#063063\">Volver a seguridad en la nube<\/a><\/div>\n<\/div>\n<\/div><\/div>","protected":false},"excerpt":{"rendered":"","protected":false},"author":1,"featured_media":0,"parent":135,"menu_order":0,"comment_status":"closed","ping_status":"closed","template":"page-no-title","meta":{"_uag_custom_page_level_css":"","footnotes":""},"class_list":["post-502","page","type-page","status-publish","hentry"],"uagb_featured_image_src":{"full":false,"thumbnail":false,"medium":false,"medium_large":false,"large":false,"1536x1536":false,"2048x2048":false,"trp-custom-language-flag":false},"uagb_author_info":{"display_name":"prio","author_link":"https:\/\/cyberhack-solutions.com\/en\/author\/prio\/"},"uagb_comment_info":0,"uagb_excerpt":null,"_links":{"self":[{"href":"https:\/\/cyberhack-solutions.com\/en\/wp-json\/wp\/v2\/pages\/502","targetHints":{"allow":["GET"]}}],"collection":[{"href":"https:\/\/cyberhack-solutions.com\/en\/wp-json\/wp\/v2\/pages"}],"about":[{"href":"https:\/\/cyberhack-solutions.com\/en\/wp-json\/wp\/v2\/types\/page"}],"author":[{"embeddable":true,"href":"https:\/\/cyberhack-solutions.com\/en\/wp-json\/wp\/v2\/users\/1"}],"replies":[{"embeddable":true,"href":"https:\/\/cyberhack-solutions.com\/en\/wp-json\/wp\/v2\/comments?post=502"}],"version-history":[{"count":4,"href":"https:\/\/cyberhack-solutions.com\/en\/wp-json\/wp\/v2\/pages\/502\/revisions"}],"predecessor-version":[{"id":939,"href":"https:\/\/cyberhack-solutions.com\/en\/wp-json\/wp\/v2\/pages\/502\/revisions\/939"}],"up":[{"embeddable":true,"href":"https:\/\/cyberhack-solutions.com\/en\/wp-json\/wp\/v2\/pages\/135"}],"wp:attachment":[{"href":"https:\/\/cyberhack-solutions.com\/en\/wp-json\/wp\/v2\/media?parent=502"}],"curies":[{"name":"wp","href":"https:\/\/api.w.org\/{rel}","templated":true}]}}